{"id":71,"date":"2025-12-29T11:33:58","date_gmt":"2025-12-29T11:33:58","guid":{"rendered":"https:\/\/fondsdedotationlinevautrin.fr\/?page_id=71"},"modified":"2026-03-24T16:49:08","modified_gmt":"2026-03-24T16:49:08","slug":"presentation-1","status":"publish","type":"page","link":"https:\/\/fondsdedotationlinevautrin.fr\/en\/presentation-1\/","title":{"rendered":"The Artist"},"content":{"rendered":"<div data-elementor-type=\"wp-page\" data-elementor-id=\"71\" class=\"elementor elementor-71\" data-elementor-settings=\"{&quot;ha_cmc_init_switcher&quot;:&quot;no&quot;}\" data-elementor-post-type=\"page\">\n\t\t\t\t<div class=\"elementor-element elementor-element-fb485a9 e-flex e-con-boxed e-con e-parent\" data-id=\"fb485a9\" data-element_type=\"container\" data-e-type=\"container\" data-settings=\"{&quot;background_background&quot;:&quot;classic&quot;,&quot;_ha_eqh_enable&quot;:false}\">\n\t\t\t\t\t<div class=\"e-con-inner\">\n\t\t<div class=\"elementor-element elementor-element-cee756f e-con-full e-flex e-con e-child\" data-id=\"cee756f\" data-element_type=\"container\" data-e-type=\"container\" data-settings=\"{&quot;_ha_eqh_enable&quot;:false}\">\n\t\t\t\t<div class=\"elementor-element elementor-element-adcc073 elementor-widget elementor-widget-heading\" data-id=\"adcc073\" data-element_type=\"widget\" data-e-type=\"widget\" data-widget_type=\"heading.default\">\n\t\t\t\t\t<h1 class=\"elementor-heading-title elementor-size-default\">The Artist<\/h1>\t\t\t\t<\/div>\n\t\t\t\t<\/div>\n\t\t<div class=\"elementor-element elementor-element-334038a e-con-full e-flex e-con e-child\" data-id=\"334038a\" data-element_type=\"container\" data-e-type=\"container\" data-settings=\"{&quot;_ha_eqh_enable&quot;:false}\">\n\t\t\t\t<div class=\"elementor-element elementor-element-9587c81 elementor-widget elementor-widget-heading\" data-id=\"9587c81\" data-element_type=\"widget\" data-e-type=\"widget\" data-widget_type=\"heading.default\">\n\t\t\t\t\t<p class=\"elementor-heading-title elementor-size-default\">At eighteen, she designed costume jewelry; at twenty, she was famous in Paris and then around the world because she created buttons that were each an object, a piece of jewelry, a work of art.<\/p>\t\t\t\t<\/div>\n\t\t\t\t<\/div>\n\t\t<div class=\"elementor-element elementor-element-dd8906f e-con-full e-flex e-con e-child\" data-id=\"dd8906f\" data-element_type=\"container\" data-e-type=\"container\" data-settings=\"{&quot;_ha_eqh_enable&quot;:false}\">\n\t\t<div class=\"elementor-element elementor-element-b98a63e e-con-full e-flex e-con e-child\" data-id=\"b98a63e\" data-element_type=\"container\" data-e-type=\"container\" data-settings=\"{&quot;_ha_eqh_enable&quot;:false}\">\n\t\t\t\t<div class=\"elementor-element elementor-element-960ab9e elementor-widget elementor-widget-text-editor\" data-id=\"960ab9e\" data-element_type=\"widget\" data-e-type=\"widget\" data-widget_type=\"text-editor.default\">\n\t\t\t\t\t\t\t\t\t<p>Her little boutique on Faubourg Saint Honor\u00e9 is always busy. People copy her, envy her, and snap up her first earrings, powder compacts with cryptic designs. In the great shortage of raw materials that followed the war, she searched relentlessly and discovered a resin-based material, which she patented and which could be molded to her every whim. But she shied away from a future devoted solely to the glory of the button: she loved things that were large, and people wanted to confine her to the palm of their hand. She then turned her attention to decorative objects. She left the Right Bank and moved to Rue de l'Universit\u00e9. Fascinated by mirrors, she created extraordinary ones that she set in precious frames, sparkling with shards of ice.<\/p>\t\t\t\t\t\t\t\t<\/div>\n\t\t\t\t<div class=\"elementor-element elementor-element-e38eeba elementor-widget elementor-widget-text-editor\" data-id=\"e38eeba\" data-element_type=\"widget\" data-e-type=\"widget\" data-widget_type=\"text-editor.default\">\n\t\t\t\t\t\t\t\t\t<p class=\"sqsrte-small preFade fadeIn\"><span class=\"sqsrte-text-color--accent\" data-ninja-font=\"proximanova_light_normal_uhjve\"><strong class=\"\" data-ninja-font=\"proximanova_bold_normal_uhjve\">1988<\/strong> \u2013 David Gill Gallery, London<\/span><\/p><p class=\"sqsrte-small preFade fadeIn\"><span class=\"sqsrte-text-color--accent\" data-ninja-font=\"proximanova_light_normal_uhjve\"><strong class=\"\" data-ninja-font=\"proximanova_bold_normal_uhjve\">1990<\/strong> \u2013 Comme des Gar\u00e7ons, Tokyo<\/span><\/p><p class=\"sqsrte-small preFade fadeIn\"><span class=\"sqsrte-text-color--accent\" data-ninja-font=\"proximanova_light_normal_uhjve\"><strong class=\"\" data-ninja-font=\"proximanova_bold_normal_uhjve\">1992<\/strong> - Grand Prix des M\u00e9tiers d'Art<\/span><\/p><p class=\"sqsrte-small preFade fadeIn\"><span class=\"sqsrte-text-color--accent\" data-ninja-font=\"proximanova_light_normal_uhjve\"><strong class=\"\" data-ninja-font=\"proximanova_bold_normal_uhjve\">1993<\/strong> - Knight of the Order of Arts and Letters<\/span><\/p><p class=\"sqsrte-small preFade fadeIn\"><span class=\"sqsrte-text-color--accent\" data-ninja-font=\"proximanova_light_normal_uhjve\"><strong class=\"\" data-ninja-font=\"proximanova_bold_normal_uhjve\">1995<\/strong> - Gallery des Hauses Bergdorf Goodman, New-York<\/span><\/p><p class=\"sqsrte-small preFade fadeIn\"><span class=\"sqsrte-text-color--accent\" data-ninja-font=\"proximanova_light_normal_uhjve\"><strong class=\"\" data-ninja-font=\"proximanova_bold_normal_uhjve\">1998<\/strong> - Galerie Aline Chastel - Laurent Mar\u00e9chal, Paris<\/span><\/p><p class=\"sqsrte-small preFade fadeIn\"><span class=\"sqsrte-text-color--accent\" data-ninja-font=\"proximanova_light_normal_uhjve\"><strong class=\"\" data-ninja-font=\"proximanova_bold_normal_uhjve\">1999<\/strong> - Mus\u00e9e des Arts d\u00e9coratifs, Paris<\/span><\/p><p class=\"sqsrte-small preFade fadeIn\"><span class=\"sqsrte-text-color--accent\" data-ninja-font=\"proximanova_light_normal_uhjve\"><strong class=\"\" data-ninja-font=\"proximanova_bold_normal_uhjve\">2015<\/strong> - Christie's sale, Paris<\/span><\/p>\t\t\t\t\t\t\t\t<\/div>\n\t\t\t\t<\/div>\n\t\t<div class=\"elementor-element elementor-element-e981c58 e-con-full e-flex e-con e-child\" data-id=\"e981c58\" data-element_type=\"container\" data-e-type=\"container\" data-settings=\"{&quot;_ha_eqh_enable&quot;:false}\">\n\t\t\t\t<div class=\"elementor-element elementor-element-4ef4b86 elementor-widget elementor-widget-text-editor\" data-id=\"4ef4b86\" data-element_type=\"widget\" data-e-type=\"widget\" data-widget_type=\"text-editor.default\">\n\t\t\t\t\t\t\t\t\t<p>We always find her personal symbolism in her objects (suns, planets, cosmic games, or more modest evocations of trees, flowers, or leaves). And her creations always remain optimistic and invigorating. There is a richness of expression in them that sometimes goes against the grain of the times. Line Vautrin remained aloof from fashions, which she mistrusted. Among 20th-century objects, hers undoubtedly occupy a special place: precious like jewels, composed like works of art, they are the offspring of a given material and technique. This is what makes them profoundly original.<\/p>\t\t\t\t\t\t\t\t<\/div>\n\t\t\t\t<div class=\"elementor-element elementor-element-12cdc2f elementor-widget elementor-widget-heading\" data-id=\"12cdc2f\" data-element_type=\"widget\" data-e-type=\"widget\" data-widget_type=\"heading.default\">\n\t\t\t\t\t<span class=\"elementor-heading-title elementor-size-default\">Maison Fran\u00e7aise, February 1962, N\u00b0 154, \"L'univers de Line Vautrin. Her boutique on the Left Bank\". <\/span>\t\t\t\t<\/div>\n\t\t\t\t<div class=\"elementor-element elementor-element-a9641db elementor-widget elementor-widget-heading\" data-id=\"a9641db\" data-element_type=\"widget\" data-e-type=\"widget\" data-widget_type=\"heading.default\">\n\t\t\t\t\t<h2 class=\"elementor-heading-title elementor-size-default\">\"I always had a 10 because I didn't move; I also belonged to the clan of those \"who are in the moon\" and whose quarterly report cards are embellished with a \"could do better\". My school life was governed by a virtual triad: intuition, imagination and snoozing. Eventually, I was taken out of school.\"<\/h2>\t\t\t\t<\/div>\n\t\t\t\t<\/div>\n\t\t\t\t<\/div>\n\t\t<div class=\"elementor-element elementor-element-4962ae8 e-con-full e-flex e-con e-child\" data-id=\"4962ae8\" data-element_type=\"container\" data-e-type=\"container\" data-settings=\"{&quot;_ha_eqh_enable&quot;:false}\">\n\t\t\t\t<div class=\"elementor-element elementor-element-7fd9f95 elementor-widget elementor-widget-heading\" data-id=\"7fd9f95\" data-element_type=\"widget\" data-e-type=\"widget\" data-widget_type=\"heading.default\">\n\t\t\t\t\t<p class=\"elementor-heading-title elementor-size-default\">\"What more can I say, except that I love renewal, that it corresponds to my inner life?\"<\/p>\t\t\t\t<\/div>\n\t\t\t\t<\/div>\n\t\t\t\t\t<\/div>\n\t\t\t\t<\/div>\n\t\t<div class=\"elementor-element elementor-element-a0e8d3b e-con-full e-flex e-con e-parent\" data-id=\"a0e8d3b\" data-element_type=\"container\" data-e-type=\"container\" data-settings=\"{&quot;background_background&quot;:&quot;classic&quot;,&quot;_ha_eqh_enable&quot;:false}\">\n\t\t\t\t<div class=\"elementor-element elementor-element-32e9674 elementor-widget elementor-widget-ha-carousel happy-addon ha-carousel\" data-id=\"32e9674\" data-element_type=\"widget\" data-e-type=\"widget\" data-settings=\"{&quot;animation_speed&quot;:500,&quot;autoplay_speed&quot;:2500,&quot;slides_to_show&quot;:&quot;3&quot;,&quot;slides_to_show_mobile&quot;:&quot;1&quot;,&quot;autoplay&quot;:&quot;yes&quot;,&quot;loop&quot;:&quot;yes&quot;,&quot;navigation&quot;:&quot;arrow&quot;,&quot;slides_to_show_tablet&quot;:3}\" data-widget_type=\"ha-carousel.default\">\n\t\t\t\t\t\n\t\t<div data-ha_rcc_uid=\"\" class=\"hajs-slick ha-slick ha-slick--carousel\">\n\n\t\t\t\n\t\t\t\t<div class=\"ha-slick-slide slick-slide\">\n\t\t\t\t\t<div class=\"ha-slick-item\">\n\t\t\t\t\t\t\t\t\t\t\t\t\t<img decoding=\"async\" class=\"ha-slick-img\" src=\"https:\/\/fondsdedotationlinevautrin.fr\/wp-content\/uploads\/2025\/12\/portrait_line_web.webp\" alt=\"\">\n\t\t\t\t\t\t\n\t\t\t\t\t\t\t\t\t\t\t<\/div>\n\t\t\t\t<\/div>\n\n\t\t\t\n\t\t\t\t<div class=\"ha-slick-slide slick-slide\">\n\t\t\t\t\t<div class=\"ha-slick-item\">\n\t\t\t\t\t\t\t\t\t\t\t\t\t<img decoding=\"async\" class=\"ha-slick-img\" src=\"https:\/\/fondsdedotationlinevautrin.fr\/wp-content\/uploads\/2025\/12\/portrait_line_vautrin_04.webp\" alt=\"\">\n\t\t\t\t\t\t\n\t\t\t\t\t\t\t\t\t\t\t<\/div>\n\t\t\t\t<\/div>\n\n\t\t\t\n\t\t\t\t<div class=\"ha-slick-slide slick-slide\">\n\t\t\t\t\t<div class=\"ha-slick-item\">\n\t\t\t\t\t\t\t\t\t\t\t\t\t<img decoding=\"async\" class=\"ha-slick-img\" src=\"https:\/\/fondsdedotationlinevautrin.fr\/wp-content\/uploads\/2025\/12\/portrait_line_vautrin_03.webp\" alt=\"\">\n\t\t\t\t\t\t\n\t\t\t\t\t\t\t\t\t\t\t<\/div>\n\t\t\t\t<\/div>\n\n\t\t\t\n\t\t\t\t<div class=\"ha-slick-slide slick-slide\">\n\t\t\t\t\t<div class=\"ha-slick-item\">\n\t\t\t\t\t\t\t\t\t\t\t\t\t<img decoding=\"async\" class=\"ha-slick-img\" src=\"https:\/\/fondsdedotationlinevautrin.fr\/wp-content\/uploads\/2025\/12\/portrait-porte-line-vautrin-web-1075x1536.webp\" alt=\"\">\n\t\t\t\t\t\t\n\t\t\t\t\t\t\t\t\t\t\t<\/div>\n\t\t\t\t<\/div>\n\n\t\t\t\n\t\t\t\t<div class=\"ha-slick-slide slick-slide\">\n\t\t\t\t\t<div class=\"ha-slick-item\">\n\t\t\t\t\t\t\t\t\t\t\t\t\t<img decoding=\"async\" class=\"ha-slick-img\" src=\"https:\/\/fondsdedotationlinevautrin.fr\/wp-content\/uploads\/2025\/12\/portrait_line_vautrin_02.webp\" alt=\"\">\n\t\t\t\t\t\t\n\t\t\t\t\t\t\t\t\t\t\t<\/div>\n\t\t\t\t<\/div>\n\n\t\t\t\n\t\t<\/div>\n\n\t\t\t\t\t<button type=\"button\" class=\"slick-prev\"><svg aria-hidden=\"true\" class=\"e-font-icon-svg e-fas-chevron-left\" viewbox=\"0 0 320 512\" xmlns=\"http:\/\/www.w3.org\/2000\/svg\"><path d=\"M34.52 239.03L228.87 44.69c9.37-9.37 24.57-9.37 33.94 0l22.67 22.67c9.36 9.36 9.37 24.52.04 33.9L131.49 256l154.02 154.75c9.34 9.38 9.32 24.54-.04 33.9l-22.67 22.67c-9.37 9.37-24.57 9.37-33.94 0L34.52 272.97c-9.37-9.37-9.37-24.57 0-33.94z\"><\/path><\/svg><\/button>\n\t\t\n\t\t\t\t\t<button type=\"button\" class=\"slick-next\"><svg aria-hidden=\"true\" class=\"e-font-icon-svg e-fas-chevron-right\" viewbox=\"0 0 320 512\" xmlns=\"http:\/\/www.w3.org\/2000\/svg\"><path d=\"M285.476 272.971L91.132 467.314c-9.373 9.373-24.569 9.373-33.941 0l-22.667-22.667c-9.357-9.357-9.375-24.522-.04-33.901L188.505 256 34.484 101.255c-9.335-9.379-9.317-24.544.04-33.901l22.667-22.667c9.373-9.373 24.569-9.373 33.941 0L285.475 239.03c9.373 9.372 9.373 24.568.001 33.941z\"><\/path><\/svg><\/button>\n\t\t\n\t\t\t\t\t\t<\/div>\n\t\t\t\t<\/div>\n\t\t\t\t<\/div>","protected":false},"excerpt":{"rendered":"<p>L\u2019Artiste A dix-huit ans, elle dessine des bijoux fantaisie, \u00e0 vingt ans elle est c\u00e9l\u00e8bre dans Paris puis dans le monde entier parce qu\u2019elle cr\u00e9e des boutons qui sont chacun un objet, un bijou, une \u0153uvre. Sa petite boutique du Faubourg Saint Honor\u00e9 ne d\u00e9semplit pas. On la copie, on l\u2019envie, on s\u2019arrache ses premiers [&hellip;]<\/p>\n","protected":false},"author":1,"featured_media":0,"parent":0,"menu_order":0,"comment_status":"closed","ping_status":"closed","template":"elementor_header_footer","meta":{"footnotes":""},"folder":[],"class_list":["post-71","page","type-page","status-publish","hentry"],"_hostinger_reach_plugin_has_subscription_block":false,"_hostinger_reach_plugin_is_elementor":false,"_links":{"self":[{"href":"https:\/\/fondsdedotationlinevautrin.fr\/en\/wp-json\/wp\/v2\/pages\/71","targetHints":{"allow":["GET"]}}],"collection":[{"href":"https:\/\/fondsdedotationlinevautrin.fr\/en\/wp-json\/wp\/v2\/pages"}],"about":[{"href":"https:\/\/fondsdedotationlinevautrin.fr\/en\/wp-json\/wp\/v2\/types\/page"}],"author":[{"embeddable":true,"href":"https:\/\/fondsdedotationlinevautrin.fr\/en\/wp-json\/wp\/v2\/users\/1"}],"replies":[{"embeddable":true,"href":"https:\/\/fondsdedotationlinevautrin.fr\/en\/wp-json\/wp\/v2\/comments?post=71"}],"version-history":[{"count":23,"href":"https:\/\/fondsdedotationlinevautrin.fr\/en\/wp-json\/wp\/v2\/pages\/71\/revisions"}],"predecessor-version":[{"id":450,"href":"https:\/\/fondsdedotationlinevautrin.fr\/en\/wp-json\/wp\/v2\/pages\/71\/revisions\/450"}],"wp:attachment":[{"href":"https:\/\/fondsdedotationlinevautrin.fr\/en\/wp-json\/wp\/v2\/media?parent=71"}],"wp:term":[{"taxonomy":"folder","embeddable":true,"href":"https:\/\/fondsdedotationlinevautrin.fr\/en\/wp-json\/wp\/v2\/folder?post=71"}],"curies":[{"name":"wp","href":"https:\/\/api.w.org\/{rel}","templated":true}]}}