{"id":300,"date":"2026-03-18T10:36:39","date_gmt":"2026-03-18T10:36:39","guid":{"rendered":"https:\/\/fondsdedotationlinevautrin.fr\/?page_id=300"},"modified":"2026-03-24T16:35:20","modified_gmt":"2026-03-24T16:35:20","slug":"authentifier-une-oeuvre-de-line-vautrin","status":"publish","type":"page","link":"https:\/\/fondsdedotationlinevautrin.fr\/en\/authentifier-une-oeuvre-de-line-vautrin\/","title":{"rendered":"Authentifier une \u0153uvre de Line Vautrin"},"content":{"rendered":"<div data-elementor-type=\"wp-page\" data-elementor-id=\"300\" class=\"elementor elementor-300\" data-elementor-settings=\"{&quot;ha_cmc_init_switcher&quot;:&quot;no&quot;}\" data-elementor-post-type=\"page\">\n\t\t\t\t<div class=\"elementor-element elementor-element-ff7011d e-con-full e-flex e-con e-parent\" data-id=\"ff7011d\" data-element_type=\"container\" data-e-type=\"container\" data-settings=\"{&quot;_ha_eqh_enable&quot;:false}\">\n\t\t\t\t<div class=\"elementor-element elementor-element-9061b0a elementor-widget elementor-widget-spacer\" data-id=\"9061b0a\" data-element_type=\"widget\" data-e-type=\"widget\" data-widget_type=\"spacer.default\">\n\t\t\t\t\t\t\t<div class=\"elementor-spacer\">\n\t\t\t<div class=\"elementor-spacer-inner\"><\/div>\n\t\t<\/div>\n\t\t\t\t\t\t<\/div>\n\t\t\t\t<div class=\"elementor-element elementor-element-652fdaa elementor-widget elementor-widget-heading\" data-id=\"652fdaa\" data-element_type=\"widget\" data-e-type=\"widget\" data-widget_type=\"heading.default\">\n\t\t\t\t\t<h1 class=\"elementor-heading-title elementor-size-default\">Authentifier une \u0153uvre de Line Vautrin<\/h1>\t\t\t\t<\/div>\n\t\t<div class=\"elementor-element elementor-element-69084fc e-flex e-con-boxed e-con e-child\" data-id=\"69084fc\" data-element_type=\"container\" data-e-type=\"container\" data-settings=\"{&quot;_ha_eqh_enable&quot;:false}\">\n\t\t\t\t\t<div class=\"e-con-inner\">\n\t\t\t\t<div class=\"elementor-element elementor-element-8e453cf elementor-widget elementor-widget-heading\" data-id=\"8e453cf\" data-element_type=\"widget\" data-e-type=\"widget\" data-widget_type=\"heading.default\">\n\t\t\t\t\t<h2 class=\"elementor-heading-title elementor-size-default\">Une d\u00e9marche qui ne repose jamais sur un seul crit\u00e8re<\/h2>\t\t\t\t<\/div>\n\t\t\t\t<div class=\"elementor-element elementor-element-055ef95 elementor-widget elementor-widget-text-editor\" data-id=\"055ef95\" data-element_type=\"widget\" data-e-type=\"widget\" data-widget_type=\"text-editor.default\">\n\t\t\t\t\t\t\t\t\t<p>L\u2019authentification d\u2019une \u0153uvre de Line Vautrin ne peut en aucun cas se fonder sur un \u00e9l\u00e9ment isol\u00e9. Elle repose sur une analyse crois\u00e9e de plusieurs facteurs, combinant l\u2019observation de l\u2019objet, l\u2019\u00e9tude de sa provenance et la comparaison avec des r\u00e9f\u00e9rences document\u00e9es.<\/p><p>Aucun d\u00e9tail \u2014 mat\u00e9riau, motif ou patine \u2014 ne permet \u00e0 lui seul de conclure de mani\u00e8re certaine. C\u2019est la coh\u00e9rence d\u2019ensemble qui constitue le premier niveau d\u2019\u00e9valuation.<\/p><p>Cette approche globale est essentielle pour \u00e9viter les erreurs d\u2019attribution, dans un contexte o\u00f9 certaines pi\u00e8ces peuvent pr\u00e9senter des similitudes formelles.<\/p>\t\t\t\t\t\t\t\t<\/div>\n\t\t\t\t\t<\/div>\n\t\t\t\t<\/div>\n\t\t\t\t<\/div>\n\t\t<div class=\"elementor-element elementor-element-ae77fde e-flex e-con-boxed e-con e-parent\" data-id=\"ae77fde\" data-element_type=\"container\" data-e-type=\"container\" data-settings=\"{&quot;_ha_eqh_enable&quot;:false}\">\n\t\t\t\t\t<div class=\"e-con-inner\">\n\t\t<div class=\"elementor-element elementor-element-f26ed1b e-con-full e-flex e-con e-child\" data-id=\"f26ed1b\" data-element_type=\"container\" data-e-type=\"container\" data-settings=\"{&quot;_ha_eqh_enable&quot;:false}\">\n\t\t\t\t<div class=\"elementor-element elementor-element-308b7cb elementor-widget elementor-widget-heading\" data-id=\"308b7cb\" data-element_type=\"widget\" data-e-type=\"widget\" data-widget_type=\"heading.default\">\n\t\t\t\t\t<h2 class=\"elementor-heading-title elementor-size-default\">Le r\u00f4le d\u00e9terminant de la provenance<\/h2>\t\t\t\t<\/div>\n\t\t\t\t<div class=\"elementor-element elementor-element-819d827 elementor-widget elementor-widget-text-editor\" data-id=\"819d827\" data-element_type=\"widget\" data-e-type=\"widget\" data-widget_type=\"text-editor.default\">\n\t\t\t\t\t\t\t\t\t<p>La provenance constitue un \u00e9l\u00e9ment central dans toute d\u00e9marche d\u2019authentification. Elle permet de retracer l\u2019historique d\u2019une \u0153uvre : origine, transmissions successives, \u00e9ventuelles ventes ou expositions.<\/p><p>Un historique document\u00e9 renforce la cr\u00e9dibilit\u00e9 d\u2019une pi\u00e8ce. \u00c0 l\u2019inverse, l\u2019absence d\u2019informations ou une cha\u00eene de propri\u00e9t\u00e9 lacunaire n\u00e9cessite une analyse renforc\u00e9e.<\/p><p>Les documents associ\u00e9s \u2014 factures anciennes, catalogues, archives \u2014 jouent ici un r\u00f4le cl\u00e9. Ils doivent \u00eatre examin\u00e9s avec attention et, lorsque cela est possible, confront\u00e9s \u00e0 des sources fiables.<\/p>\t\t\t\t\t\t\t\t<\/div>\n\t\t\t\t<\/div>\n\t\t<div class=\"elementor-element elementor-element-2c9208d e-con-full e-flex e-con e-child\" data-id=\"2c9208d\" data-element_type=\"container\" data-e-type=\"container\" data-settings=\"{&quot;_ha_eqh_enable&quot;:false}\">\n\t\t\t\t<div class=\"elementor-element elementor-element-cc3ca12 elementor-widget elementor-widget-heading\" data-id=\"cc3ca12\" data-element_type=\"widget\" data-e-type=\"widget\" data-widget_type=\"heading.default\">\n\t\t\t\t\t<h2 class=\"elementor-heading-title elementor-size-default\">L\u2019analyse des mat\u00e9riaux et des techniques<\/h2>\t\t\t\t<\/div>\n\t\t\t\t<div class=\"elementor-element elementor-element-b7fd68d elementor-widget elementor-widget-text-editor\" data-id=\"b7fd68d\" data-element_type=\"widget\" data-e-type=\"widget\" data-widget_type=\"text-editor.default\">\n\t\t\t\t\t\t\t\t\t<p>L\u2019\u00e9tude des mat\u00e9riaux et des techniques constitue un autre axe d\u2019\u00e9valuation. Dans le cas de Line Vautrin, certains \u00e9l\u00e9ments comme <a href=\"https:\/\/fondsdedotationlinevautrin.fr\/en\/le-talosel-une-matiere-emblematique\/\">l\u2019analyse des mat\u00e9riaux comme le talosel<\/a>, le travail du moulage ou les patines sp\u00e9cifiques sont r\u00e9guli\u00e8rement observ\u00e9s.<\/p>\n\nCependant, ces caract\u00e9ristiques doivent \u00eatre interpr\u00e9t\u00e9es avec prudence. Leur pr\u00e9sence ne garantit pas l\u2019authenticit\u00e9, pas plus que leur absence ne permet de l\u2019exclure syst\u00e9matiquement.\n\nL\u2019analyse technique doit s\u2019inscrire dans une lecture globale de l\u2019\u0153uvre, en lien avec des pi\u00e8ces document\u00e9es et reconnues.\t\t\t\t\t\t\t\t<\/div>\n\t\t\t\t<\/div>\n\t\t\t\t\t<\/div>\n\t\t\t\t<\/div>\n\t\t<div class=\"elementor-element elementor-element-cc32c42 e-flex e-con-boxed e-con e-parent\" data-id=\"cc32c42\" data-element_type=\"container\" data-e-type=\"container\" data-settings=\"{&quot;_ha_eqh_enable&quot;:false}\">\n\t\t\t\t\t<div class=\"e-con-inner\">\n\t\t<div class=\"elementor-element elementor-element-ac8cf64 e-con-full e-flex e-con e-child\" data-id=\"ac8cf64\" data-element_type=\"container\" data-e-type=\"container\" data-settings=\"{&quot;_ha_eqh_enable&quot;:false}\">\n\t\t\t\t<div class=\"elementor-element elementor-element-c18c9f9 elementor-widget elementor-widget-image-carousel\" data-id=\"c18c9f9\" data-element_type=\"widget\" data-e-type=\"widget\" data-settings=\"{&quot;slides_to_show&quot;:&quot;1&quot;,&quot;navigation&quot;:&quot;none&quot;,&quot;autoplay&quot;:&quot;yes&quot;,&quot;pause_on_hover&quot;:&quot;yes&quot;,&quot;pause_on_interaction&quot;:&quot;yes&quot;,&quot;autoplay_speed&quot;:5000,&quot;infinite&quot;:&quot;yes&quot;,&quot;effect&quot;:&quot;slide&quot;,&quot;speed&quot;:500}\" data-widget_type=\"image-carousel.default\">\n\t\t\t\t\t\t\t<div class=\"elementor-image-carousel-wrapper swiper\" role=\"region\" aria-roledescription=\"carousel\" aria-label=\"Carrousel d\u2019images\" dir=\"ltr\">\n\t\t\t<div class=\"elementor-image-carousel swiper-wrapper\" aria-live=\"off\">\n\t\t\t\t\t\t\t\t<div class=\"swiper-slide\" role=\"group\" aria-roledescription=\"slide\" aria-label=\"1 sur 1\"><figure class=\"swiper-slide-inner\"><img decoding=\"async\" class=\"swiper-slide-image\" src=\"https:\/\/fondsdedotationlinevautrin.fr\/wp-content\/uploads\/2025\/12\/logo_line_vautrin_bronze-300x296.webp\" alt=\"logo_line_vautrin_bronze\" \/><\/figure><\/div>\t\t\t<\/div>\n\t\t\t\t\t<\/div>\n\t\t\t\t\t\t<\/div>\n\t\t\t\t<\/div>\n\t\t<div class=\"elementor-element elementor-element-d976cb8 e-con-full e-flex e-con e-child\" data-id=\"d976cb8\" data-element_type=\"container\" data-e-type=\"container\" data-settings=\"{&quot;_ha_eqh_enable&quot;:false}\">\n\t\t\t\t<div class=\"elementor-element elementor-element-41cad87 elementor-widget elementor-widget-heading\" data-id=\"41cad87\" data-element_type=\"widget\" data-e-type=\"widget\" data-widget_type=\"heading.default\">\n\t\t\t\t\t<h2 class=\"elementor-heading-title elementor-size-default\">L\u2019importance de la comparaison avec des \u0153uvres r\u00e9f\u00e9renc\u00e9es<\/h2>\t\t\t\t<\/div>\n\t\t\t\t<div class=\"elementor-element elementor-element-a6dabe1 elementor-widget elementor-widget-text-editor\" data-id=\"a6dabe1\" data-element_type=\"widget\" data-e-type=\"widget\" data-widget_type=\"text-editor.default\">\n\t\t\t\t\t\t\t\t\t<p>La comparaison avec des \u0153uvres authentifi\u00e9es constitue une \u00e9tape essentielle. Elle permet d\u2019identifier des correspondances, mais aussi des \u00e9carts, dans les motifs, les proportions ou les finitions. Cette d\u00e9marche suppose l\u2019acc\u00e8s \u00e0 une documentation fiable, notamment <a href=\"https:\/\/fondsdedotationlinevautrin.fr\/en\/recherche-archives-et-documentation\/\">le travail de recherche autour de l\u2019\u0153uvre<\/a>, incluant archives, catalogues raisonn\u00e9s lorsqu\u2019ils existent, collections publiques ou priv\u00e9es reconnues.<\/p>\n\nCette d\u00e9marche suppose l\u2019acc\u00e8s \u00e0 une documentation fiable : archives, catalogues raisonn\u00e9s lorsqu\u2019ils existent, collections publiques ou priv\u00e9es reconnues.\n\nLa comparaison ne vise pas \u00e0 rechercher une reproduction \u00e0 l\u2019identique, mais \u00e0 \u00e9valuer la coh\u00e9rence stylistique de la pi\u00e8ce dans l\u2019ensemble de l\u2019\u0153uvre de l\u2019artiste.\t\t\t\t\t\t\t\t<\/div>\n\t\t\t\t<\/div>\n\t\t\t\t\t<\/div>\n\t\t\t\t<\/div>\n\t\t<div class=\"elementor-element elementor-element-5eb0122 e-flex e-con-boxed e-con e-parent\" data-id=\"5eb0122\" data-element_type=\"container\" data-e-type=\"container\" data-settings=\"{&quot;_ha_eqh_enable&quot;:false}\">\n\t\t\t\t\t<div class=\"e-con-inner\">\n\t\t<div class=\"elementor-element elementor-element-e8bb300 e-con-full e-flex e-con e-child\" data-id=\"e8bb300\" data-element_type=\"container\" data-e-type=\"container\" data-settings=\"{&quot;_ha_eqh_enable&quot;:false}\">\n\t\t\t\t<div class=\"elementor-element elementor-element-7ade384 elementor-widget elementor-widget-heading\" data-id=\"7ade384\" data-element_type=\"widget\" data-e-type=\"widget\" data-widget_type=\"heading.default\">\n\t\t\t\t\t<h2 class=\"elementor-heading-title elementor-size-default\">Le recours \u00e0 des experts sp\u00e9cialis\u00e9s<\/h2>\t\t\t\t<\/div>\n\t\t\t\t<div class=\"elementor-element elementor-element-966431e elementor-widget elementor-widget-text-editor\" data-id=\"966431e\" data-element_type=\"widget\" data-e-type=\"widget\" data-widget_type=\"text-editor.default\">\n\t\t\t\t\t\t\t\t\t<p>Face \u00e0 la complexit\u00e9 de ces analyses, le recours \u00e0 des professionnels sp\u00e9cialis\u00e9s reste indispensable. Experts, historiens de l\u2019art ou <a href=\"https:\/\/fondsdedotationlinevautrin.fr\/en\/le-fonds-de-dotation-line-vautrin\/\">les structures impliqu\u00e9es dans la connaissance de l\u2019\u0153uvre<\/a> disposent des comp\u00e9tences et des outils n\u00e9cessaires pour conduire une \u00e9valuation approfondie.<\/p><p>Leur intervention permet d\u2019apporter un regard ext\u00e9rieur, fond\u00e9 sur l\u2019exp\u00e9rience et la connaissance du corpus de l\u2019artiste.<\/p><p>Dans certains cas, seule une expertise formelle permet d\u2019\u00e9tablir une attribution avec un niveau de certitude suffisant.<\/p>\t\t\t\t\t\t\t\t<\/div>\n\t\t\t\t<\/div>\n\t\t<div class=\"elementor-element elementor-element-bbe6e1e e-con-full e-flex e-con e-child\" data-id=\"bbe6e1e\" data-element_type=\"container\" data-e-type=\"container\" data-settings=\"{&quot;_ha_eqh_enable&quot;:false}\">\n\t\t\t\t<div class=\"elementor-element elementor-element-35e0274 elementor-widget elementor-widget-heading\" data-id=\"35e0274\" data-element_type=\"widget\" data-e-type=\"widget\" data-widget_type=\"heading.default\">\n\t\t\t\t\t<h2 class=\"elementor-heading-title elementor-size-default\">Les limites d\u2019une analyse visuelle seule<\/h2>\t\t\t\t<\/div>\n\t\t\t\t<div class=\"elementor-element elementor-element-9f7e736 elementor-widget elementor-widget-text-editor\" data-id=\"9f7e736\" data-element_type=\"widget\" data-e-type=\"widget\" data-widget_type=\"text-editor.default\">\n\t\t\t\t\t\t\t\t\t<p>Une observation attentive d\u2019une \u0153uvre peut fournir des indications utiles, mais elle ne suffit pas \u00e0 \u00e9tablir une authentification fiable.<\/p><p>Des similitudes visuelles peuvent exister entre diff\u00e9rentes productions, sans pour autant relever du m\u00eame auteur. De m\u00eame, certaines alt\u00e9rations li\u00e9es au temps peuvent modifier l\u2019apparence d\u2019une pi\u00e8ce.<\/p><p>Il est donc n\u00e9cessaire de d\u00e9passer une lecture imm\u00e9diate pour adopter une approche structur\u00e9e, fond\u00e9e sur des \u00e9l\u00e9ments v\u00e9rifiables.<\/p>\t\t\t\t\t\t\t\t<\/div>\n\t\t\t\t<\/div>\n\t\t\t\t\t<\/div>\n\t\t\t\t<\/div>\n\t\t<div class=\"elementor-element elementor-element-b22eb7c e-flex e-con-boxed e-con e-parent\" data-id=\"b22eb7c\" data-element_type=\"container\" data-e-type=\"container\" data-settings=\"{&quot;_ha_eqh_enable&quot;:false}\">\n\t\t\t\t\t<div class=\"e-con-inner\">\n\t\t<div class=\"elementor-element elementor-element-008f225 e-con-full e-flex e-con e-child\" data-id=\"008f225\" data-element_type=\"container\" data-e-type=\"container\" data-settings=\"{&quot;_ha_eqh_enable&quot;:false}\">\n\t\t\t\t<div class=\"elementor-element elementor-element-63324de elementor-widget elementor-widget-image-carousel\" data-id=\"63324de\" data-element_type=\"widget\" data-e-type=\"widget\" data-settings=\"{&quot;slides_to_show&quot;:&quot;1&quot;,&quot;navigation&quot;:&quot;none&quot;,&quot;autoplay&quot;:&quot;yes&quot;,&quot;pause_on_hover&quot;:&quot;yes&quot;,&quot;pause_on_interaction&quot;:&quot;yes&quot;,&quot;autoplay_speed&quot;:5000,&quot;infinite&quot;:&quot;yes&quot;,&quot;effect&quot;:&quot;slide&quot;,&quot;speed&quot;:500}\" data-widget_type=\"image-carousel.default\">\n\t\t\t\t\t\t\t<div class=\"elementor-image-carousel-wrapper swiper\" role=\"region\" aria-roledescription=\"carousel\" aria-label=\"Carrousel d\u2019images\" dir=\"ltr\">\n\t\t\t<div class=\"elementor-image-carousel swiper-wrapper\" aria-live=\"off\">\n\t\t\t\t\t\t\t\t<div class=\"swiper-slide\" role=\"group\" aria-roledescription=\"slide\" aria-label=\"1 sur 1\"><figure class=\"swiper-slide-inner\"><img decoding=\"async\" class=\"swiper-slide-image\" src=\"https:\/\/fondsdedotationlinevautrin.fr\/wp-content\/uploads\/2025\/12\/objet-bronze-300x203.webp\" alt=\"objet-bronze\" \/><\/figure><\/div>\t\t\t<\/div>\n\t\t\t\t\t<\/div>\n\t\t\t\t\t\t<\/div>\n\t\t\t\t<\/div>\n\t\t<div class=\"elementor-element elementor-element-6b3ba3d e-con-full e-flex e-con e-child\" data-id=\"6b3ba3d\" data-element_type=\"container\" data-e-type=\"container\" data-settings=\"{&quot;_ha_eqh_enable&quot;:false}\">\n\t\t\t\t<div class=\"elementor-element elementor-element-3b173cf elementor-widget elementor-widget-heading\" data-id=\"3b173cf\" data-element_type=\"widget\" data-e-type=\"widget\" data-widget_type=\"heading.default\">\n\t\t\t\t\t<h2 class=\"elementor-heading-title elementor-size-default\">Une d\u00e9marche fond\u00e9e sur la rigueur et la prudence<\/h2>\t\t\t\t<\/div>\n\t\t\t\t<div class=\"elementor-element elementor-element-7125bb2 elementor-widget elementor-widget-text-editor\" data-id=\"7125bb2\" data-element_type=\"widget\" data-e-type=\"widget\" data-widget_type=\"text-editor.default\">\n\t\t\t\t\t\t\t\t\t<p>Authentifier une \u0153uvre de Line Vautrin implique une d\u00e9marche rigoureuse, qui combine observation, documentation et analyse comparative.<\/p><p>Cette exigence permet de limiter les incertitudes et d\u2019\u00e9viter les conclusions h\u00e2tives. Elle s\u2019inscrit dans une logique de responsabilit\u00e9, notamment vis-\u00e0-vis des collectionneurs, des institutions et du march\u00e9 de l\u2019art.<\/p><p>Plut\u00f4t qu\u2019une certitude imm\u00e9diate, l\u2019authentification repose sur un faisceau d\u2019indices convergents, \u00e9valu\u00e9s avec m\u00e9thode.<\/p>\t\t\t\t\t\t\t\t<\/div>\n\t\t\t\t<\/div>\n\t\t\t\t\t<\/div>\n\t\t\t\t<\/div>\n\t\t<div class=\"elementor-element elementor-element-4336043 e-flex e-con-boxed e-con e-parent\" data-id=\"4336043\" data-element_type=\"container\" data-e-type=\"container\" data-settings=\"{&quot;_ha_eqh_enable&quot;:false}\">\n\t\t\t\t\t<div class=\"e-con-inner\">\n\t\t<div class=\"elementor-element elementor-element-828fac5 e-con-full e-flex e-con e-child\" data-id=\"828fac5\" data-element_type=\"container\" data-e-type=\"container\" data-settings=\"{&quot;_ha_eqh_enable&quot;:false}\">\n\t\t\t\t<div class=\"elementor-element elementor-element-5c64bd3 elementor-widget elementor-widget-text-editor\" data-id=\"5c64bd3\" data-element_type=\"widget\" data-e-type=\"widget\" data-widget_type=\"text-editor.default\">\n\t\t\t\t\t\t\t\t\t<p>Au-del\u00e0 de la simple attribution, l\u2019authentification engage des enjeux importants : patrimoniaux, scientifiques et \u00e9conomiques.<\/p><p>Elle conditionne la reconnaissance des \u0153uvres, leur circulation et leur valorisation. Elle contribue \u00e9galement \u00e0 structurer la connaissance autour de l\u2019artiste, en lien direct avec <a href=\"https:\/\/fondsdedotationlinevautrin.fr\/en\/preserver-et-transmettre-loeuvre-de-line-vautrin\/\">la pr\u00e9servation et la transmission de l\u2019\u0153uvre de Line Vautrin<\/a>.<\/p><p>Dans ce contexte, une approche rigoureuse et document\u00e9e reste essentielle pour pr\u00e9server l\u2019int\u00e9grit\u00e9 de l\u2019\u0153uvre et garantir la fiabilit\u00e9 des informations qui lui sont associ\u00e9es.<\/p>\t\t\t\t\t\t\t\t<\/div>\n\t\t\t\t<div class=\"elementor-element elementor-element-6fe0976 elementor-widget elementor-widget-heading\" data-id=\"6fe0976\" data-element_type=\"widget\" data-e-type=\"widget\" data-widget_type=\"heading.default\">\n\t\t\t\t\t<h2 class=\"elementor-heading-title elementor-size-default\">Comprendre les enjeux de l\u2019authentification<\/h2>\t\t\t\t<\/div>\n\t\t\t\t<\/div>\n\t\t\t\t<div class=\"elementor-element elementor-element-6fd63f0 elementor-widget elementor-widget-spacer\" data-id=\"6fd63f0\" data-element_type=\"widget\" data-e-type=\"widget\" data-widget_type=\"spacer.default\">\n\t\t\t\t\t\t\t<div class=\"elementor-spacer\">\n\t\t\t<div class=\"elementor-spacer-inner\"><\/div>\n\t\t<\/div>\n\t\t\t\t\t\t<\/div>\n\t\t\t\t\t<\/div>\n\t\t\t\t<\/div>\n\t\t\t\t<\/div>","protected":false},"excerpt":{"rendered":"<p>Authentifier une \u0153uvre de Line Vautrin Une d\u00e9marche qui ne repose jamais sur un seul crit\u00e8re L\u2019authentification d\u2019une \u0153uvre de Line Vautrin ne peut en aucun cas se fonder sur un \u00e9l\u00e9ment isol\u00e9. Elle repose sur une analyse crois\u00e9e de plusieurs facteurs, combinant l\u2019observation de l\u2019objet, l\u2019\u00e9tude de sa provenance et la comparaison avec des [&hellip;]<\/p>\n","protected":false},"author":1,"featured_media":0,"parent":0,"menu_order":0,"comment_status":"closed","ping_status":"closed","template":"elementor_header_footer","meta":{"footnotes":""},"folder":[],"class_list":["post-300","page","type-page","status-publish","hentry"],"_hostinger_reach_plugin_has_subscription_block":false,"_hostinger_reach_plugin_is_elementor":false,"_links":{"self":[{"href":"https:\/\/fondsdedotationlinevautrin.fr\/en\/wp-json\/wp\/v2\/pages\/300","targetHints":{"allow":["GET"]}}],"collection":[{"href":"https:\/\/fondsdedotationlinevautrin.fr\/en\/wp-json\/wp\/v2\/pages"}],"about":[{"href":"https:\/\/fondsdedotationlinevautrin.fr\/en\/wp-json\/wp\/v2\/types\/page"}],"author":[{"embeddable":true,"href":"https:\/\/fondsdedotationlinevautrin.fr\/en\/wp-json\/wp\/v2\/users\/1"}],"replies":[{"embeddable":true,"href":"https:\/\/fondsdedotationlinevautrin.fr\/en\/wp-json\/wp\/v2\/comments?post=300"}],"version-history":[{"count":14,"href":"https:\/\/fondsdedotationlinevautrin.fr\/en\/wp-json\/wp\/v2\/pages\/300\/revisions"}],"predecessor-version":[{"id":448,"href":"https:\/\/fondsdedotationlinevautrin.fr\/en\/wp-json\/wp\/v2\/pages\/300\/revisions\/448"}],"wp:attachment":[{"href":"https:\/\/fondsdedotationlinevautrin.fr\/en\/wp-json\/wp\/v2\/media?parent=300"}],"wp:term":[{"taxonomy":"folder","embeddable":true,"href":"https:\/\/fondsdedotationlinevautrin.fr\/en\/wp-json\/wp\/v2\/folder?post=300"}],"curies":[{"name":"wp","href":"https:\/\/api.w.org\/{rel}","templated":true}]}}