{"id":298,"date":"2026-03-18T10:36:26","date_gmt":"2026-03-18T10:36:26","guid":{"rendered":"https:\/\/fondsdedotationlinevautrin.fr\/?page_id=298"},"modified":"2026-03-24T17:27:07","modified_gmt":"2026-03-24T17:27:07","slug":"preserver-et-transmettre-loeuvre-de-line-vautrin","status":"publish","type":"page","link":"https:\/\/fondsdedotationlinevautrin.fr\/en\/preserver-et-transmettre-loeuvre-de-line-vautrin\/","title":{"rendered":"Pr\u00e9server et transmettre l\u2019\u0153uvre de Line Vautrin"},"content":{"rendered":"<div data-elementor-type=\"wp-page\" data-elementor-id=\"298\" class=\"elementor elementor-298\" data-elementor-settings=\"{&quot;ha_cmc_init_switcher&quot;:&quot;no&quot;}\" data-elementor-post-type=\"page\">\n\t\t\t\t<div class=\"elementor-element elementor-element-2a2e63c e-con-full e-flex e-con e-parent\" data-id=\"2a2e63c\" data-element_type=\"container\" data-e-type=\"container\" data-settings=\"{&quot;_ha_eqh_enable&quot;:false}\">\n\t\t\t\t<div class=\"elementor-element elementor-element-607dc27 elementor-widget elementor-widget-spacer\" data-id=\"607dc27\" data-element_type=\"widget\" data-e-type=\"widget\" data-widget_type=\"spacer.default\">\n\t\t\t\t\t\t\t<div class=\"elementor-spacer\">\n\t\t\t<div class=\"elementor-spacer-inner\"><\/div>\n\t\t<\/div>\n\t\t\t\t\t\t<\/div>\n\t\t\t\t<div class=\"elementor-element elementor-element-12a47e5 elementor-widget elementor-widget-heading\" data-id=\"12a47e5\" data-element_type=\"widget\" data-e-type=\"widget\" data-widget_type=\"heading.default\">\n\t\t\t\t\t<h1 class=\"elementor-heading-title elementor-size-default\">Pr\u00e9server et transmettre l\u2019\u0153uvre de Line Vautrin<\/h1>\t\t\t\t<\/div>\n\t\t<div class=\"elementor-element elementor-element-74de715 e-flex e-con-boxed e-con e-child\" data-id=\"74de715\" data-element_type=\"container\" data-e-type=\"container\" data-settings=\"{&quot;_ha_eqh_enable&quot;:false}\">\n\t\t\t\t\t<div class=\"e-con-inner\">\n\t\t\t\t<div class=\"elementor-element elementor-element-26d9809 elementor-widget elementor-widget-heading\" data-id=\"26d9809\" data-element_type=\"widget\" data-e-type=\"widget\" data-widget_type=\"heading.default\">\n\t\t\t\t\t<h2 class=\"elementor-heading-title elementor-size-default\">Un enjeu patrimonial majeur<\/h2>\t\t\t\t<\/div>\n\t\t\t\t<div class=\"elementor-element elementor-element-55f8f62 elementor-widget elementor-widget-text-editor\" data-id=\"55f8f62\" data-element_type=\"widget\" data-e-type=\"widget\" data-widget_type=\"text-editor.default\">\n\t\t\t\t\t\t\t\t\t<p>L\u2019\u0153uvre de Line Vautrin s\u2019inscrit aujourd\u2019hui dans une d\u00e9marche de pr\u00e9servation qui d\u00e9passe le simple cadre de la collection priv\u00e9e. Elle rel\u00e8ve d\u2019un v\u00e9ritable enjeu patrimonial, impliquant la conservation, l\u2019\u00e9tude et la transmission de pi\u00e8ces souvent uniques ou produites en s\u00e9ries limit\u00e9es.<\/p><p>Cette dimension est d\u2019autant plus importante que les techniques et mat\u00e9riaux utilis\u00e9s pr\u00e9sentent des sp\u00e9cificit\u00e9s qui n\u00e9cessitent une attention particuli\u00e8re. <a href=\"https:\/\/fondsdedotationlinevautrin.fr\/en\/le-talosel-une-matiere-emblematique\/\">les sp\u00e9cificit\u00e9s du talosel<\/a>, notamment, imposent des conditions de conservation adapt\u00e9es afin de pr\u00e9server les qualit\u00e9s esth\u00e9tiques et structurelles des \u0153uvres.<\/p><p>La pr\u00e9servation de cet ensemble contribue \u00e0 maintenir l\u2019int\u00e9grit\u00e9 d\u2019un corpus coh\u00e9rent, essentiel \u00e0 la compr\u00e9hension du travail de l\u2019artiste.<\/p>\t\t\t\t\t\t\t\t<\/div>\n\t\t\t\t\t<\/div>\n\t\t\t\t<\/div>\n\t\t\t\t<\/div>\n\t\t<div class=\"elementor-element elementor-element-9b656c3 e-grid e-con-boxed e-con e-parent\" data-id=\"9b656c3\" data-element_type=\"container\" data-e-type=\"container\" data-settings=\"{&quot;_ha_eqh_enable&quot;:false}\">\n\t\t\t\t\t<div class=\"e-con-inner\">\n\t\t<div class=\"elementor-element elementor-element-e7f1c85 e-con-full e-flex e-con e-child\" data-id=\"e7f1c85\" data-element_type=\"container\" data-e-type=\"container\" data-settings=\"{&quot;background_background&quot;:&quot;classic&quot;,&quot;_ha_eqh_enable&quot;:false}\">\n\t\t\t\t<\/div>\n\t\t<div class=\"elementor-element elementor-element-738f5f3 e-con-full e-flex e-con e-child\" data-id=\"738f5f3\" data-element_type=\"container\" data-e-type=\"container\" data-settings=\"{&quot;_ha_eqh_enable&quot;:false}\">\n\t\t\t\t<div class=\"elementor-element elementor-element-a65174b elementor-widget elementor-widget-heading\" data-id=\"a65174b\" data-element_type=\"widget\" data-e-type=\"widget\" data-widget_type=\"heading.default\">\n\t\t\t\t\t<h2 class=\"elementor-heading-title elementor-size-default\">Documenter et structurer la connaissance<\/h2>\t\t\t\t<\/div>\n\t\t\t\t<div class=\"elementor-element elementor-element-d04f51e elementor-widget elementor-widget-text-editor\" data-id=\"d04f51e\" data-element_type=\"widget\" data-e-type=\"widget\" data-widget_type=\"text-editor.default\">\n\t\t\t\t\t\t\t\t\t<p>La transmission de l\u2019\u0153uvre passe \u00e9galement par <a href=\"https:\/\/fondsdedotationlinevautrin.fr\/en\/recherche-archives-et-documentation\/\">les travaux de recherche et de documentation<\/a>. Identifier les pi\u00e8ces, retracer leur historique et comprendre les techniques de fabrication constituent des \u00e9tapes fondamentales.<\/p><p>Ce travail permet de structurer la connaissance autour de Line Vautrin. Il facilite l\u2019\u00e9tude de son \u0153uvre, tout en apportant des rep\u00e8res fiables pour les chercheurs, les institutions et les collectionneurs.<\/p><p>La mise en place d\u2019archives, de catalogues ou d\u2019inventaires contribue \u00e0 consolider cette base documentaire. Elle participe \u00e0 la reconnaissance progressive de l\u2019artiste dans l\u2019histoire des arts d\u00e9coratifs du XXe si\u00e8cle.<\/p>\t\t\t\t\t\t\t\t<\/div>\n\t\t\t\t<\/div>\n\t\t\t\t\t<\/div>\n\t\t\t\t<\/div>\n\t\t<div class=\"elementor-element elementor-element-65586df e-grid e-con-boxed e-con e-parent\" data-id=\"65586df\" data-element_type=\"container\" data-e-type=\"container\" data-settings=\"{&quot;_ha_eqh_enable&quot;:false}\">\n\t\t\t\t\t<div class=\"e-con-inner\">\n\t\t<div class=\"elementor-element elementor-element-71c49ce e-con-full e-flex e-con e-child\" data-id=\"71c49ce\" data-element_type=\"container\" data-e-type=\"container\" data-settings=\"{&quot;_ha_eqh_enable&quot;:false}\">\n\t\t\t\t<div class=\"elementor-element elementor-element-04ee705 elementor-widget elementor-widget-heading\" data-id=\"04ee705\" data-element_type=\"widget\" data-e-type=\"widget\" data-widget_type=\"heading.default\">\n\t\t\t\t\t<h2 class=\"elementor-heading-title elementor-size-default\">Pr\u00e9server les savoir-faire associ\u00e9s<\/h2>\t\t\t\t<\/div>\n\t\t\t\t<div class=\"elementor-element elementor-element-4f71721 elementor-widget elementor-widget-text-editor\" data-id=\"4f71721\" data-element_type=\"widget\" data-e-type=\"widget\" data-widget_type=\"text-editor.default\">\n\t\t\t\t\t\t\t\t\t<p>Au-del\u00e0 des objets eux-m\u00eames, la transmission concerne \u00e9galement les savoir-faire. Les techniques utilis\u00e9es par Line Vautrin, notamment dans le travail du talosel, reposent sur des proc\u00e9d\u00e9s sp\u00e9cifiques qui m\u00e9ritent d\u2019\u00eatre compris et conserv\u00e9s.<\/p><p>La disparition de ces connaissances techniques entra\u00eenerait une perte importante pour la compr\u00e9hension de l\u2019\u0153uvre. Leur pr\u00e9servation passe par l\u2019\u00e9tude des m\u00e9thodes de fabrication, mais aussi par leur transmission aupr\u00e8s de professionnels capables d\u2019en saisir les enjeux.<\/p><p>Cette dimension est essentielle pour garantir une approche fid\u00e8le et respectueuse de l\u2019intention initiale de l\u2019artiste.<\/p>\t\t\t\t\t\t\t\t<\/div>\n\t\t\t\t<\/div>\n\t\t<div class=\"elementor-element elementor-element-bd8ec99 e-con-full e-flex e-con e-child\" data-id=\"bd8ec99\" data-element_type=\"container\" data-e-type=\"container\" data-settings=\"{&quot;_ha_eqh_enable&quot;:false}\">\n\t\t\t\t<div class=\"elementor-element elementor-element-7432e38 elementor-widget elementor-widget-heading\" data-id=\"7432e38\" data-element_type=\"widget\" data-e-type=\"widget\" data-widget_type=\"heading.default\">\n\t\t\t\t\t<h2 class=\"elementor-heading-title elementor-size-default\">Le r\u00f4le des structures d\u00e9di\u00e9es<\/h2>\t\t\t\t<\/div>\n\t\t\t\t<div class=\"elementor-element elementor-element-910283e elementor-widget elementor-widget-text-editor\" data-id=\"910283e\" data-element_type=\"widget\" data-e-type=\"widget\" data-widget_type=\"text-editor.default\">\n\t\t\t\t\t\t\t\t\t<p>La pr\u00e9servation et la transmission de l\u2019\u0153uvre n\u00e9cessitent l\u2019intervention de structures capables d\u2019en assurer le suivi. <a href=\"https:\/\/fondsdedotationlinevautrin.fr\/en\/le-fonds-de-dotation-line-vautrin\/\">le Fonds de dotation Line Vautrin<\/a> joue un r\u00f4le central dans la conservation, la recherche et la diffusion.<\/p>\n\nElles permettent notamment :\n<ul>\n \t<li aria-level=\"1\">d\u2019organiser les archives<\/li>\n \t<li aria-level=\"1\">de coordonner les travaux de recherche<\/li>\n \t<li aria-level=\"1\">de faciliter l\u2019acc\u00e8s \u00e0 l\u2019information<\/li>\n \t<li aria-level=\"1\">de soutenir les initiatives de valorisation<\/li>\n<\/ul>\nLeur action contribue \u00e0 inscrire durablement l\u2019\u0153uvre dans un cadre institutionnel, garant de sa p\u00e9rennit\u00e9.\t\t\t\t\t\t\t\t<\/div>\n\t\t\t\t<\/div>\n\t\t\t\t\t<\/div>\n\t\t\t\t<\/div>\n\t\t<div class=\"elementor-element elementor-element-8801974 e-grid e-con-boxed e-con e-parent\" data-id=\"8801974\" data-element_type=\"container\" data-e-type=\"container\" data-settings=\"{&quot;_ha_eqh_enable&quot;:false}\">\n\t\t\t\t\t<div class=\"e-con-inner\">\n\t\t<div class=\"elementor-element elementor-element-9f2caec e-con-full e-flex e-con e-child\" data-id=\"9f2caec\" data-element_type=\"container\" data-e-type=\"container\" data-settings=\"{&quot;_ha_eqh_enable&quot;:false}\">\n\t\t\t\t<div class=\"elementor-element elementor-element-ee3fcf3 elementor-widget elementor-widget-heading\" data-id=\"ee3fcf3\" data-element_type=\"widget\" data-e-type=\"widget\" data-widget_type=\"heading.default\">\n\t\t\t\t\t<h2 class=\"elementor-heading-title elementor-size-default\">Assurer une diffusion rigoureuse de l\u2019\u0153uvre<\/h2>\t\t\t\t<\/div>\n\t\t\t\t<div class=\"elementor-element elementor-element-ad30488 elementor-widget elementor-widget-text-editor\" data-id=\"ad30488\" data-element_type=\"widget\" data-e-type=\"widget\" data-widget_type=\"text-editor.default\">\n\t\t\t\t\t\t\t\t\t<p>La transmission implique \u00e9galement une diffusion ma\u00eetris\u00e9e. Expositions, publications et initiatives culturelles participent \u00e0 faire conna\u00eetre l\u2019\u0153uvre, tout en veillant \u00e0 en respecter l\u2019int\u00e9grit\u00e9.<\/p><p>Cette diffusion doit s\u2019appuyer sur des contenus fiables, fond\u00e9s sur une connaissance pr\u00e9cise du travail de Line Vautrin. Elle permet de toucher un public \u00e9largi, tout en conservant un niveau d\u2019exigence \u00e9lev\u00e9.<\/p><p>L\u2019enjeu est de rendre l\u2019\u0153uvre accessible sans en alt\u00e9rer la compr\u00e9hension.<\/p>\t\t\t\t\t\t\t\t<\/div>\n\t\t\t\t<\/div>\n\t\t<div class=\"elementor-element elementor-element-b2fee3f e-con-full e-flex e-con e-child\" data-id=\"b2fee3f\" data-element_type=\"container\" data-e-type=\"container\" data-settings=\"{&quot;background_background&quot;:&quot;classic&quot;,&quot;_ha_eqh_enable&quot;:false}\">\n\t\t\t\t<\/div>\n\t\t\t\t\t<\/div>\n\t\t\t\t<\/div>\n\t\t<div class=\"elementor-element elementor-element-9e5cee0 e-grid e-con-boxed e-con e-parent\" data-id=\"9e5cee0\" data-element_type=\"container\" data-e-type=\"container\" data-settings=\"{&quot;_ha_eqh_enable&quot;:false}\">\n\t\t\t\t\t<div class=\"e-con-inner\">\n\t\t<div class=\"elementor-element elementor-element-69dd2cd e-con-full e-flex e-con e-child\" data-id=\"69dd2cd\" data-element_type=\"container\" data-e-type=\"container\" data-settings=\"{&quot;_ha_eqh_enable&quot;:false}\">\n\t\t\t\t<div class=\"elementor-element elementor-element-c98f84b elementor-widget elementor-widget-heading\" data-id=\"c98f84b\" data-element_type=\"widget\" data-e-type=\"widget\" data-widget_type=\"heading.default\">\n\t\t\t\t\t<h2 class=\"elementor-heading-title elementor-size-default\">Garantir l\u2019authenticit\u00e9 et la tra\u00e7abilit\u00e9<\/h2>\t\t\t\t<\/div>\n\t\t\t\t<div class=\"elementor-element elementor-element-073b1f6 elementor-widget elementor-widget-text-editor\" data-id=\"073b1f6\" data-element_type=\"widget\" data-e-type=\"widget\" data-widget_type=\"text-editor.default\">\n\t\t\t\t\t\t\t\t\t<p>Dans le cadre de la transmission, la question de l\u2019authenticit\u00e9 est essentielle. <a href=\"https:\/\/fondsdedotationlinevautrin.fr\/en\/authentifier-une-oeuvre-de-line-vautrin\/\">les enjeux li\u00e9s \u00e0 l\u2019authentification des \u0153uvres<\/a> concernent l\u2019identification des pi\u00e8ces, leur provenance et leur \u00e9tat de conservation, qui constituent des \u00e9l\u00e9ments d\u00e9terminants.<\/p>\n\nUn travail rigoureux de tra\u00e7abilit\u00e9 permet de s\u00e9curiser la circulation des pi\u00e8ces et d\u2019\u00e9viter les confusions ou les erreurs d\u2019attribution.\n\nCette exigence renforce la cr\u00e9dibilit\u00e9 de l\u2019ensemble des d\u00e9marches entreprises autour de l\u2019\u0153uvre. Elle constitue \u00e9galement un rep\u00e8re indispensable pour les acteurs du march\u00e9 et les institutions.\t\t\t\t\t\t\t\t<\/div>\n\t\t\t\t<\/div>\n\t\t<div class=\"elementor-element elementor-element-d53fda2 e-con-full e-flex e-con e-child\" data-id=\"d53fda2\" data-element_type=\"container\" data-e-type=\"container\" data-settings=\"{&quot;_ha_eqh_enable&quot;:false}\">\n\t\t\t\t<div class=\"elementor-element elementor-element-833e7a0 elementor-widget elementor-widget-heading\" data-id=\"833e7a0\" data-element_type=\"widget\" data-e-type=\"widget\" data-widget_type=\"heading.default\">\n\t\t\t\t\t<h2 class=\"elementor-heading-title elementor-size-default\">Une transmission inscrite dans le temps<\/h2>\t\t\t\t<\/div>\n\t\t\t\t<div class=\"elementor-element elementor-element-c6b48fa elementor-widget elementor-widget-text-editor\" data-id=\"c6b48fa\" data-element_type=\"widget\" data-e-type=\"widget\" data-widget_type=\"text-editor.default\">\n\t\t\t\t\t\t\t\t\t<p>Pr\u00e9server et transmettre l\u2019\u0153uvre de Line Vautrin s\u2019inscrit dans une temporalit\u00e9 longue. Il ne s\u2019agit pas uniquement de conserver, mais de faire vivre un ensemble coh\u00e9rent, en l\u2019inscrivant dans une dynamique de recherche et de diffusion.<\/p><p>Cette approche implique une continuit\u00e9 dans les actions men\u00e9es : conservation, documentation, valorisation et transmission des connaissances.<\/p><p>Elle permet de garantir que l\u2019\u0153uvre reste accessible, compr\u00e9hensible et \u00e9tudi\u00e9e, tout en conservant sa richesse et sa singularit\u00e9.<\/p>\t\t\t\t\t\t\t\t<\/div>\n\t\t\t\t<\/div>\n\t\t\t\t\t<\/div>\n\t\t\t\t<\/div>\n\t\t<div class=\"elementor-element elementor-element-eab94f8 e-flex e-con-boxed e-con e-parent\" data-id=\"eab94f8\" data-element_type=\"container\" data-e-type=\"container\" data-settings=\"{&quot;_ha_eqh_enable&quot;:false}\">\n\t\t\t\t\t<div class=\"e-con-inner\">\n\t\t\t\t<div class=\"elementor-element elementor-element-edd3c08 elementor-widget elementor-widget-spacer\" data-id=\"edd3c08\" data-element_type=\"widget\" data-e-type=\"widget\" data-widget_type=\"spacer.default\">\n\t\t\t\t\t\t\t<div class=\"elementor-spacer\">\n\t\t\t<div class=\"elementor-spacer-inner\"><\/div>\n\t\t<\/div>\n\t\t\t\t\t\t<\/div>\n\t\t\t\t\t<\/div>\n\t\t\t\t<\/div>\n\t\t\t\t<\/div>","protected":false},"excerpt":{"rendered":"<p>Pr\u00e9server et transmettre l\u2019\u0153uvre de Line Vautrin Un enjeu patrimonial majeur L\u2019\u0153uvre de Line Vautrin s\u2019inscrit aujourd\u2019hui dans une d\u00e9marche de pr\u00e9servation qui d\u00e9passe le simple cadre de la collection priv\u00e9e. Elle rel\u00e8ve d\u2019un v\u00e9ritable enjeu patrimonial, impliquant la conservation, l\u2019\u00e9tude et la transmission de pi\u00e8ces souvent uniques ou produites en s\u00e9ries limit\u00e9es. Cette dimension [&hellip;]<\/p>\n","protected":false},"author":1,"featured_media":0,"parent":0,"menu_order":0,"comment_status":"closed","ping_status":"closed","template":"elementor_header_footer","meta":{"footnotes":""},"folder":[],"class_list":["post-298","page","type-page","status-publish","hentry"],"_hostinger_reach_plugin_has_subscription_block":false,"_hostinger_reach_plugin_is_elementor":false,"_links":{"self":[{"href":"https:\/\/fondsdedotationlinevautrin.fr\/en\/wp-json\/wp\/v2\/pages\/298","targetHints":{"allow":["GET"]}}],"collection":[{"href":"https:\/\/fondsdedotationlinevautrin.fr\/en\/wp-json\/wp\/v2\/pages"}],"about":[{"href":"https:\/\/fondsdedotationlinevautrin.fr\/en\/wp-json\/wp\/v2\/types\/page"}],"author":[{"embeddable":true,"href":"https:\/\/fondsdedotationlinevautrin.fr\/en\/wp-json\/wp\/v2\/users\/1"}],"replies":[{"embeddable":true,"href":"https:\/\/fondsdedotationlinevautrin.fr\/en\/wp-json\/wp\/v2\/comments?post=298"}],"version-history":[{"count":8,"href":"https:\/\/fondsdedotationlinevautrin.fr\/en\/wp-json\/wp\/v2\/pages\/298\/revisions"}],"predecessor-version":[{"id":459,"href":"https:\/\/fondsdedotationlinevautrin.fr\/en\/wp-json\/wp\/v2\/pages\/298\/revisions\/459"}],"wp:attachment":[{"href":"https:\/\/fondsdedotationlinevautrin.fr\/en\/wp-json\/wp\/v2\/media?parent=298"}],"wp:term":[{"taxonomy":"folder","embeddable":true,"href":"https:\/\/fondsdedotationlinevautrin.fr\/en\/wp-json\/wp\/v2\/folder?post=298"}],"curies":[{"name":"wp","href":"https:\/\/api.w.org\/{rel}","templated":true}]}}