{"id":296,"date":"2026-03-18T10:36:12","date_gmt":"2026-03-18T10:36:12","guid":{"rendered":"https:\/\/fondsdedotationlinevautrin.fr\/?page_id=296"},"modified":"2026-03-24T17:30:00","modified_gmt":"2026-03-24T17:30:00","slug":"techniques-et-savoir-faire","status":"publish","type":"page","link":"https:\/\/fondsdedotationlinevautrin.fr\/en\/techniques-et-savoir-faire\/","title":{"rendered":"Techniques et savoir-faire"},"content":{"rendered":"<div data-elementor-type=\"wp-page\" data-elementor-id=\"296\" class=\"elementor elementor-296\" data-elementor-settings=\"{&quot;ha_cmc_init_switcher&quot;:&quot;no&quot;}\" data-elementor-post-type=\"page\">\n\t\t\t\t<div class=\"elementor-element elementor-element-952ceef e-con-full e-flex e-con e-parent\" data-id=\"952ceef\" data-element_type=\"container\" data-e-type=\"container\" data-settings=\"{&quot;_ha_eqh_enable&quot;:false}\">\n\t\t\t\t<div class=\"elementor-element elementor-element-af87580 elementor-widget elementor-widget-spacer\" data-id=\"af87580\" data-element_type=\"widget\" data-e-type=\"widget\" data-widget_type=\"spacer.default\">\n\t\t\t\t\t\t\t<div class=\"elementor-spacer\">\n\t\t\t<div class=\"elementor-spacer-inner\"><\/div>\n\t\t<\/div>\n\t\t\t\t\t\t<\/div>\n\t\t\t\t<div class=\"elementor-element elementor-element-83580b4 elementor-widget elementor-widget-heading\" data-id=\"83580b4\" data-element_type=\"widget\" data-e-type=\"widget\" data-widget_type=\"heading.default\">\n\t\t\t\t\t<h1 class=\"elementor-heading-title elementor-size-default\">Techniques et savoir-faire de Line Vautrin<\/h1>\t\t\t\t<\/div>\n\t\t<div class=\"elementor-element elementor-element-d6960a5 e-flex e-con-boxed e-con e-child\" data-id=\"d6960a5\" data-element_type=\"container\" data-e-type=\"container\" data-settings=\"{&quot;_ha_eqh_enable&quot;:false}\">\n\t\t\t\t\t<div class=\"e-con-inner\">\n\t\t\t\t<div class=\"elementor-element elementor-element-efc5d9d elementor-widget elementor-widget-heading\" data-id=\"efc5d9d\" data-element_type=\"widget\" data-e-type=\"widget\" data-widget_type=\"heading.default\">\n\t\t\t\t\t<h1 class=\"elementor-heading-title elementor-size-default\">Une ma\u00eetrise artisanale au c\u0153ur de la cr\u00e9ation<\/h1>\t\t\t\t<\/div>\n\t\t\t\t<div class=\"elementor-element elementor-element-06b176e elementor-widget elementor-widget-text-editor\" data-id=\"06b176e\" data-element_type=\"widget\" data-e-type=\"widget\" data-widget_type=\"text-editor.default\">\n\t\t\t\t\t\t\t\t\t<p>Le travail de Line Vautrin repose sur une ma\u00eetrise approfondie des techniques artisanales. Chaque pi\u00e8ce est le r\u00e9sultat d\u2019un processus exigeant, o\u00f9 la pr\u00e9cision du geste joue un r\u00f4le essentiel.<\/p><p>Loin d\u2019une production standardis\u00e9e, son approche privil\u00e9gie le contr\u00f4le des \u00e9tapes de fabrication. Cette exigence se traduit par une grande coh\u00e9rence dans ses \u0153uvres, malgr\u00e9 la diversit\u00e9 des formes et des compositions.<\/p><p>Ce savoir-faire s\u2019inscrit dans une tradition artisanale, tout en int\u00e9grant des proc\u00e9d\u00e9s innovants. Cette double approche, en lien avec <a title=\"Les mat\u00e9riaux utilis\u00e9s par Line Vautrin\" href=\"https:\/\/fondsdedotationlinevautrin.fr\/en\/les-materiaux-utilises-par-line-vautrin\/\">les mat\u00e9riaux utilis\u00e9s par Line Vautrin<\/a>, contribue \u00e0 la singularit\u00e9 de son travail.<\/p>\t\t\t\t\t\t\t\t<\/div>\n\t\t\t\t\t<\/div>\n\t\t\t\t<\/div>\n\t\t\t\t<\/div>\n\t\t<div class=\"elementor-element elementor-element-5fc0e0d e-con-full e-flex e-con e-parent\" data-id=\"5fc0e0d\" data-element_type=\"container\" data-e-type=\"container\" data-settings=\"{&quot;_ha_eqh_enable&quot;:false}\">\n\t\t<div class=\"elementor-element elementor-element-459c029 e-con-full e-flex e-con e-child\" data-id=\"459c029\" data-element_type=\"container\" data-e-type=\"container\" data-settings=\"{&quot;background_background&quot;:&quot;classic&quot;,&quot;_ha_eqh_enable&quot;:false}\">\n\t\t\t\t<\/div>\n\t\t<div class=\"elementor-element elementor-element-fdfe07d e-con-full e-flex e-con e-child\" data-id=\"fdfe07d\" data-element_type=\"container\" data-e-type=\"container\" data-settings=\"{&quot;_ha_eqh_enable&quot;:false}\">\n\t\t<div class=\"elementor-element elementor-element-68c70a2 e-con-full e-flex e-con e-child\" data-id=\"68c70a2\" data-element_type=\"container\" data-e-type=\"container\" data-settings=\"{&quot;_ha_eqh_enable&quot;:false}\">\n\t\t\t\t<div class=\"elementor-element elementor-element-53083ff elementor-widget elementor-widget-heading\" data-id=\"53083ff\" data-element_type=\"widget\" data-e-type=\"widget\" data-widget_type=\"heading.default\">\n\t\t\t\t\t<h2 class=\"elementor-heading-title elementor-size-default\">Le moulage : une \u00e9tape structurante<\/h2>\t\t\t\t<\/div>\n\t\t\t\t<div class=\"elementor-element elementor-element-9b09f01 elementor-widget elementor-widget-text-editor\" data-id=\"9b09f01\" data-element_type=\"widget\" data-e-type=\"widget\" data-widget_type=\"text-editor.default\">\n\t\t\t\t\t\t\t\t\t<p>Le moulage constitue l\u2019une des techniques fondamentales utilis\u00e9es par Line Vautrin. Il permet de cr\u00e9er les formes de base, tout en conservant une grande pr\u00e9cision dans les d\u00e9tails.<\/p><p>Cette \u00e9tape est d\u00e9terminante, notamment dans <a title=\"Le Talosel, une mati\u00e8re embl\u00e9matique chez Line Vautrin\" href=\"https:\/\/fondsdedotationlinevautrin.fr\/en\/le-talosel-une-matiere-emblematique\/\">le travail du talosel<\/a>. Elle offre la possibilit\u00e9 de produire des motifs en relief, r\u00e9p\u00e9titifs ou complexes, qui structurent l\u2019ensemble de la composition.<\/p><p>Le moulage ne se limite pas \u00e0 une reproduction m\u00e9canique. Il s\u2019accompagne d\u2019ajustements et de choix qui influencent directement le rendu final.<\/p>\t\t\t\t\t\t\t\t<\/div>\n\t\t\t\t<\/div>\n\t\t<div class=\"elementor-element elementor-element-471c4e8 e-con-full e-flex e-con e-child\" data-id=\"471c4e8\" data-element_type=\"container\" data-e-type=\"container\" data-settings=\"{&quot;_ha_eqh_enable&quot;:false}\">\n\t\t\t\t<div class=\"elementor-element elementor-element-91d9e5c elementor-widget elementor-widget-heading\" data-id=\"91d9e5c\" data-element_type=\"widget\" data-e-type=\"widget\" data-widget_type=\"heading.default\">\n\t\t\t\t\t<h2 class=\"elementor-heading-title elementor-size-default\">Le travail du relief et des motifs<\/h2>\t\t\t\t<\/div>\n\t\t\t\t<div class=\"elementor-element elementor-element-066a77d elementor-widget elementor-widget-text-editor\" data-id=\"066a77d\" data-element_type=\"widget\" data-e-type=\"widget\" data-widget_type=\"text-editor.default\">\n\t\t\t\t\t\t\t\t\t<p>Une fois les formes obtenues, le travail se poursuit par une attention particuli\u00e8re port\u00e9e aux reliefs. Line Vautrin d\u00e9veloppe des compositions o\u00f9 les motifs jouent un r\u00f4le central.<\/p><p>Ces motifs ne sont pas uniquement d\u00e9coratifs. Ils organisent l\u2019espace, cr\u00e9ent des rythmes visuels et participent \u00e0 la lecture de l\u2019objet.<\/p><p>Le relief devient ainsi un \u00e9l\u00e9ment actif, qui capte la lumi\u00e8re et transforme la perception de la pi\u00e8ce selon l\u2019angle d\u2019observation.<\/p>\t\t\t\t\t\t\t\t<\/div>\n\t\t\t\t<\/div>\n\t\t\t\t<\/div>\n\t\t\t\t<\/div>\n\t\t<div class=\"elementor-element elementor-element-7a3142a e-flex e-con-boxed e-con e-parent\" data-id=\"7a3142a\" data-element_type=\"container\" data-e-type=\"container\" data-settings=\"{&quot;_ha_eqh_enable&quot;:false}\">\n\t\t\t\t\t<div class=\"e-con-inner\">\n\t\t\t\t<div class=\"elementor-element elementor-element-a54fe92 elementor-widget elementor-widget-spacer\" data-id=\"a54fe92\" data-element_type=\"widget\" data-e-type=\"widget\" data-widget_type=\"spacer.default\">\n\t\t\t\t\t\t\t<div class=\"elementor-spacer\">\n\t\t\t<div class=\"elementor-spacer-inner\"><\/div>\n\t\t<\/div>\n\t\t\t\t\t\t<\/div>\n\t\t\t\t\t<\/div>\n\t\t\t\t<\/div>\n\t\t<div class=\"elementor-element elementor-element-f4e1a34 e-con-full e-flex e-con e-parent\" data-id=\"f4e1a34\" data-element_type=\"container\" data-e-type=\"container\" data-settings=\"{&quot;_ha_eqh_enable&quot;:false}\">\n\t\t<div class=\"elementor-element elementor-element-949b3a6 e-con-full e-flex e-con e-child\" data-id=\"949b3a6\" data-element_type=\"container\" data-e-type=\"container\" data-settings=\"{&quot;_ha_eqh_enable&quot;:false}\">\n\t\t<div class=\"elementor-element elementor-element-3f233ed e-con-full e-flex e-con e-child\" data-id=\"3f233ed\" data-element_type=\"container\" data-e-type=\"container\" data-settings=\"{&quot;_ha_eqh_enable&quot;:false}\">\n\t\t\t\t<div class=\"elementor-element elementor-element-f48356d elementor-widget elementor-widget-heading\" data-id=\"f48356d\" data-element_type=\"widget\" data-e-type=\"widget\" data-widget_type=\"heading.default\">\n\t\t\t\t\t<h2 class=\"elementor-heading-title elementor-size-default\">Les patines : une signature de finition<\/h2>\t\t\t\t<\/div>\n\t\t\t\t<div class=\"elementor-element elementor-element-0ad2346 elementor-widget elementor-widget-text-editor\" data-id=\"0ad2346\" data-element_type=\"widget\" data-e-type=\"widget\" data-widget_type=\"text-editor.default\">\n\t\t\t\t\t\t\t\t\t<p>Les patines occupent une place essentielle dans le savoir-faire de Line Vautrin. Elles interviennent apr\u00e8s la mise en forme et permettent de donner \u00e0 chaque pi\u00e8ce son aspect final.<\/p><p>Ce travail de finition consiste \u00e0 appliquer des traitements qui modifient la surface : nuances de teintes, effets d\u2019usure, variations de texture.<\/p><p>Chaque patine est r\u00e9alis\u00e9e avec pr\u00e9cision, afin d\u2019obtenir un \u00e9quilibre visuel. Elle contribue \u00e0 enrichir la mati\u00e8re et \u00e0 renforcer la profondeur des reliefs.<\/p>\t\t\t\t\t\t\t\t<\/div>\n\t\t\t\t<\/div>\n\t\t<div class=\"elementor-element elementor-element-c78b685 e-con-full e-flex e-con e-child\" data-id=\"c78b685\" data-element_type=\"container\" data-e-type=\"container\" data-settings=\"{&quot;_ha_eqh_enable&quot;:false}\">\n\t\t\t\t<div class=\"elementor-element elementor-element-f86c126 elementor-widget elementor-widget-heading\" data-id=\"f86c126\" data-element_type=\"widget\" data-e-type=\"widget\" data-widget_type=\"heading.default\">\n\t\t\t\t\t<h2 class=\"elementor-heading-title elementor-size-default\">Une fabrication entre s\u00e9rie et pi\u00e8ce unique<\/h2>\t\t\t\t<\/div>\n\t\t\t\t<div class=\"elementor-element elementor-element-003d207 elementor-widget elementor-widget-text-editor\" data-id=\"003d207\" data-element_type=\"widget\" data-e-type=\"widget\" data-widget_type=\"text-editor.default\">\n\t\t\t\t\t\t\t\t\t<p>Les techniques utilis\u00e9es par Line Vautrin permettent une production en s\u00e9rie, notamment gr\u00e2ce au moulage. Toutefois, chaque pi\u00e8ce conserve une part d\u2019unicit\u00e9.<\/p><p>Les variations introduites lors des finitions, les diff\u00e9rences de patine ou les ajustements r\u00e9alis\u00e9s \u00e0 la main rendent chaque objet singulier.<\/p><p>Cette combinaison entre reproduction et intervention artisanale constitue l\u2019un des aspects les plus int\u00e9ressants de son travail. Elle permet de concilier diffusion et exigence artistique.<\/p>\t\t\t\t\t\t\t\t<\/div>\n\t\t\t\t<\/div>\n\t\t\t\t<\/div>\n\t\t<div class=\"elementor-element elementor-element-d0e140c e-con-full e-flex e-con e-child\" data-id=\"d0e140c\" data-element_type=\"container\" data-e-type=\"container\" data-settings=\"{&quot;background_background&quot;:&quot;classic&quot;,&quot;_ha_eqh_enable&quot;:false}\">\n\t\t\t\t<\/div>\n\t\t\t\t<\/div>\n\t\t<div class=\"elementor-element elementor-element-e289d87 e-flex e-con-boxed e-con e-parent\" data-id=\"e289d87\" data-element_type=\"container\" data-e-type=\"container\" data-settings=\"{&quot;_ha_eqh_enable&quot;:false}\">\n\t\t\t\t\t<div class=\"e-con-inner\">\n\t\t\t\t<div class=\"elementor-element elementor-element-7268489 elementor-widget elementor-widget-spacer\" data-id=\"7268489\" data-element_type=\"widget\" data-e-type=\"widget\" data-widget_type=\"spacer.default\">\n\t\t\t\t\t\t\t<div class=\"elementor-spacer\">\n\t\t\t<div class=\"elementor-spacer-inner\"><\/div>\n\t\t<\/div>\n\t\t\t\t\t\t<\/div>\n\t\t\t\t\t<\/div>\n\t\t\t\t<\/div>\n\t\t<div class=\"elementor-element elementor-element-972381c e-con-full e-flex e-con e-parent\" data-id=\"972381c\" data-element_type=\"container\" data-e-type=\"container\" data-settings=\"{&quot;_ha_eqh_enable&quot;:false}\">\n\t\t<div class=\"elementor-element elementor-element-6ac76e1 e-con-full e-flex e-con e-child\" data-id=\"6ac76e1\" data-element_type=\"container\" data-e-type=\"container\" data-settings=\"{&quot;background_background&quot;:&quot;classic&quot;,&quot;_ha_eqh_enable&quot;:false}\">\n\t\t\t\t<\/div>\n\t\t<div class=\"elementor-element elementor-element-ed196b5 e-con-full e-flex e-con e-child\" data-id=\"ed196b5\" data-element_type=\"container\" data-e-type=\"container\" data-settings=\"{&quot;_ha_eqh_enable&quot;:false}\">\n\t\t<div class=\"elementor-element elementor-element-7e70694 e-con-full e-flex e-con e-child\" data-id=\"7e70694\" data-element_type=\"container\" data-e-type=\"container\" data-settings=\"{&quot;_ha_eqh_enable&quot;:false}\">\n\t\t\t\t<div class=\"elementor-element elementor-element-e359151 elementor-widget elementor-widget-heading\" data-id=\"e359151\" data-element_type=\"widget\" data-e-type=\"widget\" data-widget_type=\"heading.default\">\n\t\t\t\t\t<h2 class=\"elementor-heading-title elementor-size-default\">Un savoir-faire au service d\u2019un langage visuel<\/h2>\t\t\t\t<\/div>\n\t\t\t\t<div class=\"elementor-element elementor-element-f972fdf elementor-widget elementor-widget-text-editor\" data-id=\"f972fdf\" data-element_type=\"widget\" data-e-type=\"widget\" data-widget_type=\"text-editor.default\">\n\t\t\t\t\t\t\t\t\t<p>Les techniques mises en \u0153uvre par Line Vautrin ne sont jamais dissoci\u00e9es de son intention artistique. Elles sont utilis\u00e9es pour servir un langage visuel coh\u00e9rent, fond\u00e9 sur le relief, la structure et la r\u00e9p\u00e9tition.<\/p><p>Chaque proc\u00e9d\u00e9 \u2014 moulage, travail des surfaces, patine \u2014 participe \u00e0 la construction de l\u2019\u0153uvre. Il ne s\u2019agit pas seulement de ma\u00eetriser une technique, mais de l\u2019int\u00e9grer dans une d\u00e9marche globale.<\/p><p>Ce lien \u00e9troit entre savoir-faire et cr\u00e9ation permet de mieux comprendre la force et la coh\u00e9rence de son travail.<\/p>\t\t\t\t\t\t\t\t<\/div>\n\t\t\t\t<\/div>\n\t\t<div class=\"elementor-element elementor-element-a46b553 e-con-full e-flex e-con e-child\" data-id=\"a46b553\" data-element_type=\"container\" data-e-type=\"container\" data-settings=\"{&quot;_ha_eqh_enable&quot;:false}\">\n\t\t\t\t<div class=\"elementor-element elementor-element-84ccb2a elementor-widget elementor-widget-heading\" data-id=\"84ccb2a\" data-element_type=\"widget\" data-e-type=\"widget\" data-widget_type=\"heading.default\">\n\t\t\t\t\t<h2 class=\"elementor-heading-title elementor-size-default\">Pourquoi les techniques sont essentielles pour comprendre son \u0153uvre<\/h2>\t\t\t\t<\/div>\n\t\t\t\t<div class=\"elementor-element elementor-element-3f3ef6e elementor-widget elementor-widget-text-editor\" data-id=\"3f3ef6e\" data-element_type=\"widget\" data-e-type=\"widget\" data-widget_type=\"text-editor.default\">\n\t\t\t\t\t\t\t\t\t<p>S\u2019int\u00e9resser aux techniques utilis\u00e9es par Line Vautrin permet d\u2019aller au-del\u00e0 d\u2019une simple lecture esth\u00e9tique. Cela offre une compr\u00e9hension plus compl\u00e8te de ses choix et de sa d\u00e9marche, en s\u2019appuyant notamment sur <a title=\"Recherche, archives et documentation sur Line Vautrin\" href=\"https:\/\/fondsdedotationlinevautrin.fr\/en\/recherche-archives-et-documentation\/\">les sources qui permettent d\u2019\u00e9tudier ces techniques<\/a>.<\/p><p>Les proc\u00e9d\u00e9s de fabrication influencent directement le rendu visuel, la perception des volumes et l\u2019interaction avec la lumi\u00e8re.<\/p><p>Pour les amateurs comme pour les collectionneurs, cette connaissance constitue un rep\u00e8re important. Elle permet notamment <a title=\"Authentifier une \u0153uvre de Line Vautrin\" href=\"https:\/\/fondsdedotationlinevautrin.fr\/en\/authentifier-une-oeuvre-de-line-vautrin\/\">d\u2019identifier les caract\u00e9ristiques propres \u00e0 son travail<\/a> et d\u2019en appr\u00e9cier toute la richesse.<\/p>\t\t\t\t\t\t\t\t<\/div>\n\t\t\t\t<\/div>\n\t\t\t\t<\/div>\n\t\t\t\t<\/div>\n\t\t\t\t<\/div>","protected":false},"excerpt":{"rendered":"<p>Techniques et savoir-faire de Line Vautrin Une ma\u00eetrise artisanale au c\u0153ur de la cr\u00e9ation Le travail de Line Vautrin repose sur une ma\u00eetrise approfondie des techniques artisanales. Chaque pi\u00e8ce est le r\u00e9sultat d\u2019un processus exigeant, o\u00f9 la pr\u00e9cision du geste joue un r\u00f4le essentiel. Loin d\u2019une production standardis\u00e9e, son approche privil\u00e9gie le contr\u00f4le des \u00e9tapes [&hellip;]<\/p>\n","protected":false},"author":1,"featured_media":0,"parent":0,"menu_order":0,"comment_status":"closed","ping_status":"closed","template":"elementor_header_footer","meta":{"footnotes":""},"folder":[],"class_list":["post-296","page","type-page","status-publish","hentry"],"_hostinger_reach_plugin_has_subscription_block":false,"_hostinger_reach_plugin_is_elementor":false,"_links":{"self":[{"href":"https:\/\/fondsdedotationlinevautrin.fr\/en\/wp-json\/wp\/v2\/pages\/296","targetHints":{"allow":["GET"]}}],"collection":[{"href":"https:\/\/fondsdedotationlinevautrin.fr\/en\/wp-json\/wp\/v2\/pages"}],"about":[{"href":"https:\/\/fondsdedotationlinevautrin.fr\/en\/wp-json\/wp\/v2\/types\/page"}],"author":[{"embeddable":true,"href":"https:\/\/fondsdedotationlinevautrin.fr\/en\/wp-json\/wp\/v2\/users\/1"}],"replies":[{"embeddable":true,"href":"https:\/\/fondsdedotationlinevautrin.fr\/en\/wp-json\/wp\/v2\/comments?post=296"}],"version-history":[{"count":8,"href":"https:\/\/fondsdedotationlinevautrin.fr\/en\/wp-json\/wp\/v2\/pages\/296\/revisions"}],"predecessor-version":[{"id":462,"href":"https:\/\/fondsdedotationlinevautrin.fr\/en\/wp-json\/wp\/v2\/pages\/296\/revisions\/462"}],"wp:attachment":[{"href":"https:\/\/fondsdedotationlinevautrin.fr\/en\/wp-json\/wp\/v2\/media?parent=296"}],"wp:term":[{"taxonomy":"folder","embeddable":true,"href":"https:\/\/fondsdedotationlinevautrin.fr\/en\/wp-json\/wp\/v2\/folder?post=296"}],"curies":[{"name":"wp","href":"https:\/\/api.w.org\/{rel}","templated":true}]}}