{"id":292,"date":"2026-03-18T10:33:22","date_gmt":"2026-03-18T10:33:22","guid":{"rendered":"https:\/\/fondsdedotationlinevautrin.fr\/?page_id=292"},"modified":"2026-03-24T16:53:45","modified_gmt":"2026-03-24T16:53:45","slug":"les-materiaux-utilises-par-line-vautrin","status":"publish","type":"page","link":"https:\/\/fondsdedotationlinevautrin.fr\/en\/les-materiaux-utilises-par-line-vautrin\/","title":{"rendered":"Les mat\u00e9riaux utilis\u00e9s par Line Vautrin"},"content":{"rendered":"<div data-elementor-type=\"wp-page\" data-elementor-id=\"292\" class=\"elementor elementor-292\" data-elementor-settings=\"{&quot;ha_cmc_init_switcher&quot;:&quot;no&quot;}\" data-elementor-post-type=\"page\">\n\t\t\t\t<div class=\"elementor-element elementor-element-20eda20 e-con-full e-flex e-con e-parent\" data-id=\"20eda20\" data-element_type=\"container\" data-e-type=\"container\" data-settings=\"{&quot;_ha_eqh_enable&quot;:false}\">\n\t\t\t\t<div class=\"elementor-element elementor-element-2418a4f elementor-widget elementor-widget-spacer\" data-id=\"2418a4f\" data-element_type=\"widget\" data-e-type=\"widget\" data-widget_type=\"spacer.default\">\n\t\t\t\t\t\t\t<div class=\"elementor-spacer\">\n\t\t\t<div class=\"elementor-spacer-inner\"><\/div>\n\t\t<\/div>\n\t\t\t\t\t\t<\/div>\n\t\t\t\t<div class=\"elementor-element elementor-element-f891a24 elementor-widget elementor-widget-heading\" data-id=\"f891a24\" data-element_type=\"widget\" data-e-type=\"widget\" data-widget_type=\"heading.default\">\n\t\t\t\t\t<h1 class=\"elementor-heading-title elementor-size-default\">Les mat\u00e9riaux utilis\u00e9s par Line Vautrin<\/h1>\t\t\t\t<\/div>\n\t\t\t\t<\/div>\n\t\t<div class=\"elementor-element elementor-element-7a7c6ba e-flex e-con-boxed e-con e-parent\" data-id=\"7a7c6ba\" data-element_type=\"container\" data-e-type=\"container\" data-settings=\"{&quot;_ha_eqh_enable&quot;:false}\">\n\t\t\t\t\t<div class=\"e-con-inner\">\n\t\t<div class=\"elementor-element elementor-element-65948ac e-con-full e-flex e-con e-child\" data-id=\"65948ac\" data-element_type=\"container\" data-e-type=\"container\" data-settings=\"{&quot;_ha_eqh_enable&quot;:false}\">\n\t\t\t\t<div class=\"elementor-element elementor-element-db1b3f2 elementor-widget elementor-widget-heading\" data-id=\"db1b3f2\" data-element_type=\"widget\" data-e-type=\"widget\" data-widget_type=\"heading.default\">\n\t\t\t\t\t<h2 class=\"elementor-heading-title elementor-size-default\">Une approche exp\u00e9rimentale de la mati\u00e8re<\/h2>\t\t\t\t<\/div>\n\t\t\t\t<div class=\"elementor-element elementor-element-1026c7f elementor-widget elementor-widget-text-editor\" data-id=\"1026c7f\" data-element_type=\"widget\" data-e-type=\"widget\" data-widget_type=\"text-editor.default\">\n\t\t\t\t\t\t\t\t\t<p>Chez Line Vautrin, la mati\u00e8re n\u2019est jamais un simple support. Elle constitue un v\u00e9ritable terrain d\u2019exp\u00e9rimentation, au c\u0153ur de sa d\u00e9marche artistique. Loin d\u2019une approche acad\u00e9mique, elle explore des mat\u00e9riaux encore peu utilis\u00e9s dans les arts d\u00e9coratifs de son \u00e9poque, cherchant \u00e0 en r\u00e9v\u00e9ler toutes les possibilit\u00e9s plastiques.<\/p><p>Cette libert\u00e9 lui permet de s\u2019affranchir des contraintes traditionnelles. Elle d\u00e9veloppe ainsi un langage personnel, o\u00f9 chaque mat\u00e9riau est choisi pour sa capacit\u00e9 \u00e0 produire du relief, capter la lumi\u00e8re ou sugg\u00e9rer une texture particuli\u00e8re.<\/p><p>Cette approche exp\u00e9rimentale explique en grande partie la singularit\u00e9 de son \u0153uvre. Elle ne se contente pas d\u2019utiliser la mati\u00e8re : elle la transforme, la d\u00e9tourne et l\u2019int\u00e8gre pleinement dans son processus cr\u00e9atif.<\/p>\t\t\t\t\t\t\t\t<\/div>\n\t\t\t\t<\/div>\n\t\t<div class=\"elementor-element elementor-element-810cfa7 e-con-full e-flex e-con e-child\" data-id=\"810cfa7\" data-element_type=\"container\" data-e-type=\"container\" data-settings=\"{&quot;_ha_eqh_enable&quot;:false}\">\n\t\t\t\t<div class=\"elementor-element elementor-element-70fa2e0 elementor-widget elementor-widget-heading\" data-id=\"70fa2e0\" data-element_type=\"widget\" data-e-type=\"widget\" data-widget_type=\"heading.default\">\n\t\t\t\t\t<h2 class=\"elementor-heading-title elementor-size-default\">Le talosel : un mat\u00e9riau signature<\/h2>\t\t\t\t<\/div>\n\t\t\t\t<div class=\"elementor-element elementor-element-afde02f elementor-widget elementor-widget-text-editor\" data-id=\"afde02f\" data-element_type=\"widget\" data-e-type=\"widget\" data-widget_type=\"text-editor.default\">\n\t\t\t\t\t\t\t\t\t<p><a title=\"Le Talosel, une mati\u00e8re embl\u00e9matique chez Line Vautrin\" href=\"https:\/\/fondsdedotationlinevautrin.fr\/en\/le-talosel-une-matiere-emblematique\/\">Le talosel devient un mat\u00e9riau central<\/a> dans le travail de Line Vautrin. Ce mat\u00e9riau, \u00e0 base de r\u00e9sine, devient au fil du temps l\u2019un des \u00e9l\u00e9ments les plus caract\u00e9ristiques de son \u0153uvre, notamment dans la r\u00e9alisation de ses miroirs.<\/p><p>Ce choix ne rel\u00e8ve pas du hasard. Le talosel permet un travail pr\u00e9cis du moulage, offrant la possibilit\u00e9 de cr\u00e9er des formes complexes, des motifs en relief et des compositions structur\u00e9es. Il se pr\u00eate particuli\u00e8rement bien \u00e0 une recherche sur la surface et la profondeur.<\/p><p>Une fois travaill\u00e9, le mat\u00e9riau est souvent patin\u00e9. Ces finitions, r\u00e9alis\u00e9es avec soin, donnent naissance \u00e0 des effets visuels riches : nuances de teintes, jeux d\u2019ombre et de lumi\u00e8re, impressions de mati\u00e8re vivante.<\/p><p>Le talosel devient ainsi bien plus qu\u2019un simple support technique. Il participe pleinement \u00e0 l\u2019identit\u00e9 visuelle des \u0153uvres et constitue l\u2019une des signatures les plus reconnaissables de l\u2019artiste.<\/p>\t\t\t\t\t\t\t\t<\/div>\n\t\t\t\t<\/div>\n\t\t\t\t\t<\/div>\n\t\t\t\t<\/div>\n\t\t<div class=\"elementor-element elementor-element-0d03191 e-flex e-con-boxed e-con e-parent\" data-id=\"0d03191\" data-element_type=\"container\" data-e-type=\"container\" data-settings=\"{&quot;_ha_eqh_enable&quot;:false}\">\n\t\t\t\t\t<div class=\"e-con-inner\">\n\t\t<div class=\"elementor-element elementor-element-30c07b0 e-con-full e-flex e-con e-child\" data-id=\"30c07b0\" data-element_type=\"container\" data-e-type=\"container\" data-settings=\"{&quot;_ha_eqh_enable&quot;:false}\">\n\t\t\t\t<div class=\"elementor-element elementor-element-9a6543b elementor-widget elementor-widget-image-carousel\" data-id=\"9a6543b\" data-element_type=\"widget\" data-e-type=\"widget\" data-settings=\"{&quot;slides_to_show&quot;:&quot;1&quot;,&quot;navigation&quot;:&quot;none&quot;,&quot;autoplay&quot;:&quot;yes&quot;,&quot;pause_on_hover&quot;:&quot;yes&quot;,&quot;pause_on_interaction&quot;:&quot;yes&quot;,&quot;autoplay_speed&quot;:5000,&quot;infinite&quot;:&quot;yes&quot;,&quot;effect&quot;:&quot;slide&quot;,&quot;speed&quot;:500}\" data-widget_type=\"image-carousel.default\">\n\t\t\t\t\t\t\t<div class=\"elementor-image-carousel-wrapper swiper\" role=\"region\" aria-roledescription=\"carousel\" aria-label=\"Carrousel d\u2019images\" dir=\"ltr\">\n\t\t\t<div class=\"elementor-image-carousel swiper-wrapper\" aria-live=\"off\">\n\t\t\t\t\t\t\t\t<div class=\"swiper-slide\" role=\"group\" aria-roledescription=\"slide\" aria-label=\"1 sur 1\"><figure class=\"swiper-slide-inner\"><img decoding=\"async\" class=\"swiper-slide-image\" src=\"https:\/\/fondsdedotationlinevautrin.fr\/wp-content\/uploads\/2025\/12\/logo_line_vautrin_bronze-300x296.webp\" alt=\"logo_line_vautrin_bronze\" \/><\/figure><\/div>\t\t\t<\/div>\n\t\t\t\t\t<\/div>\n\t\t\t\t\t\t<\/div>\n\t\t\t\t<\/div>\n\t\t<div class=\"elementor-element elementor-element-e8bc7ab e-con-full e-flex e-con e-child\" data-id=\"e8bc7ab\" data-element_type=\"container\" data-e-type=\"container\" data-settings=\"{&quot;_ha_eqh_enable&quot;:false}\">\n\t\t\t\t<div class=\"elementor-element elementor-element-3182832 elementor-widget elementor-widget-heading\" data-id=\"3182832\" data-element_type=\"widget\" data-e-type=\"widget\" data-widget_type=\"heading.default\">\n\t\t\t\t\t<h2 class=\"elementor-heading-title elementor-size-default\">Le travail des surfaces et des patines<\/h2>\t\t\t\t<\/div>\n\t\t\t\t<div class=\"elementor-element elementor-element-abc709c elementor-widget elementor-widget-text-editor\" data-id=\"abc709c\" data-element_type=\"widget\" data-e-type=\"widget\" data-widget_type=\"text-editor.default\">\n\t\t\t\t\t\t\t\t\t<p>Au-del\u00e0 du choix des mat\u00e9riaux, Line Vautrin accorde une attention particuli\u00e8re au traitement des surfaces. Chaque pi\u00e8ce fait l\u2019objet d\u2019un travail minutieux visant \u00e0 enrichir la perception visuelle et tactile.<\/p><p>Les patines jouent ici un r\u00f4le essentiel. Elles permettent de modifier l\u2019aspect du mat\u00e9riau, d\u2019en accentuer les reliefs ou d\u2019en att\u00e9nuer certaines zones. Ce travail subtil cr\u00e9e des variations qui donnent de la profondeur aux objets.<\/p><p>La lumi\u00e8re devient alors un \u00e9l\u00e9ment actif de la composition. Selon l\u2019angle de vue, les surfaces r\u00e9agissent diff\u00e9remment, r\u00e9v\u00e9lant progressivement les d\u00e9tails. Cette interaction renforce le caract\u00e8re vivant et changeant de ses cr\u00e9ations.<\/p><p>Ce soin apport\u00e9 aux finitions participe directement \u00e0 la force expressive de l\u2019\u0153uvre, en d\u00e9passant une simple approche d\u00e9corative.<\/p>\t\t\t\t\t\t\t\t<\/div>\n\t\t\t\t<\/div>\n\t\t\t\t\t<\/div>\n\t\t\t\t<\/div>\n\t\t<div class=\"elementor-element elementor-element-266591d e-flex e-con-boxed e-con e-parent\" data-id=\"266591d\" data-element_type=\"container\" data-e-type=\"container\" data-settings=\"{&quot;_ha_eqh_enable&quot;:false}\">\n\t\t\t\t\t<div class=\"e-con-inner\">\n\t\t<div class=\"elementor-element elementor-element-1ed5ece e-con-full e-flex e-con e-child\" data-id=\"1ed5ece\" data-element_type=\"container\" data-e-type=\"container\" data-settings=\"{&quot;_ha_eqh_enable&quot;:false}\">\n\t\t\t\t<div class=\"elementor-element elementor-element-4a38dcb elementor-widget elementor-widget-heading\" data-id=\"4a38dcb\" data-element_type=\"widget\" data-e-type=\"widget\" data-widget_type=\"heading.default\">\n\t\t\t\t\t<h2 class=\"elementor-heading-title elementor-size-default\">Des mat\u00e9riaux au service de la forme et du symbole<\/h2>\t\t\t\t<\/div>\n\t\t\t\t<div class=\"elementor-element elementor-element-984401f elementor-widget elementor-widget-text-editor\" data-id=\"984401f\" data-element_type=\"widget\" data-e-type=\"widget\" data-widget_type=\"text-editor.default\">\n\t\t\t\t\t\t\t\t\t<p>Le mat\u00e9riau n\u2019est jamais dissoci\u00e9 de la forme. Il est choisi en fonction de ce qu\u2019il permet d\u2019exprimer. Relief, densit\u00e9, texture : chaque propri\u00e9t\u00e9 est mise au service d\u2019une intention artistique.<\/p><p>Les <a title=\"Symbolique, mythologie et langage des formes chez Line Vautrin\" href=\"https:\/\/fondsdedotationlinevautrin.fr\/en\/symbolique-mythologie-et-langage-des-formes\/\">formes et les symboles<\/a>, souvent structur\u00e9s et organis\u00e9s autour de motifs r\u00e9currents, dialoguent avec la mati\u00e8re. Cette interaction cr\u00e9e un langage visuel coh\u00e9rent, o\u00f9 le fond et la forme se r\u00e9pondent.<\/p><p>Cette dimension prend tout son sens lorsqu\u2019on l\u2019associe \u00e0 la lecture symbolique de l\u2019\u0153uvre. Les mat\u00e9riaux contribuent \u00e0 renforcer certaines impressions, \u00e0 sugg\u00e9rer des interpr\u00e9tations ou \u00e0 accentuer la pr\u00e9sence de motifs.<\/p><p>Ainsi, comprendre les mat\u00e9riaux utilis\u00e9s permet d\u2019acc\u00e9der \u00e0 une lecture plus compl\u00e8te du travail de l\u2019artiste, en lien direct avec son univers formel et symbolique.<\/p>\t\t\t\t\t\t\t\t<\/div>\n\t\t\t\t<\/div>\n\t\t<div class=\"elementor-element elementor-element-25d8230 e-con-full e-flex e-con e-child\" data-id=\"25d8230\" data-element_type=\"container\" data-e-type=\"container\" data-settings=\"{&quot;_ha_eqh_enable&quot;:false}\">\n\t\t\t\t<div class=\"elementor-element elementor-element-85c0f02 elementor-widget elementor-widget-heading\" data-id=\"85c0f02\" data-element_type=\"widget\" data-e-type=\"widget\" data-widget_type=\"heading.default\">\n\t\t\t\t\t<h2 class=\"elementor-heading-title elementor-size-default\">Comprendre les mat\u00e9riaux pour mieux lire l\u2019\u0153uvre<\/h2>\t\t\t\t<\/div>\n\t\t\t\t<div class=\"elementor-element elementor-element-e785ee1 elementor-widget elementor-widget-text-editor\" data-id=\"e785ee1\" data-element_type=\"widget\" data-e-type=\"widget\" data-widget_type=\"text-editor.default\">\n\t\t\t\t\t\t\t\t\t<p>S\u2019int\u00e9resser aux mat\u00e9riaux utilis\u00e9s par Line Vautrin ne rel\u00e8ve pas uniquement d\u2019une curiosit\u00e9 technique. C\u2019est une cl\u00e9 essentielle pour appr\u00e9hender la coh\u00e9rence de son travail.<\/p><p>Chaque choix de mati\u00e8re r\u00e9pond \u00e0 une logique pr\u00e9cise : contraintes de fabrication, rendu visuel recherch\u00e9 et <a title=\"Techniques et savoir-faire de Line Vautrin\" href=\"https:\/\/fondsdedotationlinevautrin.fr\/en\/techniques-et-savoir-faire\/\">les techniques de fabrication<\/a>. Cette ma\u00eetrise participe \u00e0 l\u2019\u00e9quilibre global de ses cr\u00e9ations.<\/p><p>Pour les amateurs comme pour les collectionneurs, cette compr\u00e9hension permet \u00e9galement de mieux <a title=\"Authentifier une \u0153uvre de Line Vautrin\" href=\"https:\/\/fondsdedotationlinevautrin.fr\/en\/authentifier-une-oeuvre-de-line-vautrin\/\">identifier les sp\u00e9cificit\u00e9s de ses pi\u00e8ces<\/a>. Elle offre des rep\u00e8res utiles pour distinguer les caract\u00e9ristiques propres \u00e0 son \u0153uvre.<\/p><p>Plus largement, cette attention port\u00e9e \u00e0 la mati\u00e8re rappelle que, dans les arts d\u00e9coratifs, le mat\u00e9riau est indissociable de l\u2019intention artistique. Chez Line Vautrin, il en devient m\u00eame l\u2019un des fondements.<\/p>\t\t\t\t\t\t\t\t<\/div>\n\t\t\t\t<\/div>\n\t\t\t\t\t<\/div>\n\t\t\t\t<\/div>\n\t\t<div class=\"elementor-element elementor-element-e0d2b99 e-flex e-con-boxed e-con e-parent\" data-id=\"e0d2b99\" data-element_type=\"container\" data-e-type=\"container\" data-settings=\"{&quot;_ha_eqh_enable&quot;:false}\">\n\t\t\t\t\t<div class=\"e-con-inner\">\n\t\t\t\t<div class=\"elementor-element elementor-element-12a6815 elementor-widget elementor-widget-spacer\" data-id=\"12a6815\" data-element_type=\"widget\" data-e-type=\"widget\" data-widget_type=\"spacer.default\">\n\t\t\t\t\t\t\t<div class=\"elementor-spacer\">\n\t\t\t<div class=\"elementor-spacer-inner\"><\/div>\n\t\t<\/div>\n\t\t\t\t\t\t<\/div>\n\t\t\t\t\t<\/div>\n\t\t\t\t<\/div>\n\t\t\t\t<\/div>","protected":false},"excerpt":{"rendered":"<p>Les mat\u00e9riaux utilis\u00e9s par Line Vautrin Une approche exp\u00e9rimentale de la mati\u00e8re Chez Line Vautrin, la mati\u00e8re n\u2019est jamais un simple support. Elle constitue un v\u00e9ritable terrain d\u2019exp\u00e9rimentation, au c\u0153ur de sa d\u00e9marche artistique. Loin d\u2019une approche acad\u00e9mique, elle explore des mat\u00e9riaux encore peu utilis\u00e9s dans les arts d\u00e9coratifs de son \u00e9poque, cherchant \u00e0 en [&hellip;]<\/p>\n","protected":false},"author":1,"featured_media":0,"parent":0,"menu_order":0,"comment_status":"closed","ping_status":"closed","template":"elementor_header_footer","meta":{"footnotes":""},"folder":[],"class_list":["post-292","page","type-page","status-publish","hentry"],"_hostinger_reach_plugin_has_subscription_block":false,"_hostinger_reach_plugin_is_elementor":false,"_links":{"self":[{"href":"https:\/\/fondsdedotationlinevautrin.fr\/en\/wp-json\/wp\/v2\/pages\/292","targetHints":{"allow":["GET"]}}],"collection":[{"href":"https:\/\/fondsdedotationlinevautrin.fr\/en\/wp-json\/wp\/v2\/pages"}],"about":[{"href":"https:\/\/fondsdedotationlinevautrin.fr\/en\/wp-json\/wp\/v2\/types\/page"}],"author":[{"embeddable":true,"href":"https:\/\/fondsdedotationlinevautrin.fr\/en\/wp-json\/wp\/v2\/users\/1"}],"replies":[{"embeddable":true,"href":"https:\/\/fondsdedotationlinevautrin.fr\/en\/wp-json\/wp\/v2\/comments?post=292"}],"version-history":[{"count":11,"href":"https:\/\/fondsdedotationlinevautrin.fr\/en\/wp-json\/wp\/v2\/pages\/292\/revisions"}],"predecessor-version":[{"id":454,"href":"https:\/\/fondsdedotationlinevautrin.fr\/en\/wp-json\/wp\/v2\/pages\/292\/revisions\/454"}],"wp:attachment":[{"href":"https:\/\/fondsdedotationlinevautrin.fr\/en\/wp-json\/wp\/v2\/media?parent=292"}],"wp:term":[{"taxonomy":"folder","embeddable":true,"href":"https:\/\/fondsdedotationlinevautrin.fr\/en\/wp-json\/wp\/v2\/folder?post=292"}],"curies":[{"name":"wp","href":"https:\/\/api.w.org\/{rel}","templated":true}]}}