{"id":250,"date":"2026-03-17T17:16:55","date_gmt":"2026-03-17T17:16:55","guid":{"rendered":"https:\/\/fondsdedotationlinevautrin.fr\/?page_id=250"},"modified":"2026-03-24T17:24:25","modified_gmt":"2026-03-24T17:24:25","slug":"line-vautrin-et-les-courants-artistiques-du-xxe-siecle","status":"publish","type":"page","link":"https:\/\/fondsdedotationlinevautrin.fr\/en\/line-vautrin-et-les-courants-artistiques-du-xxe-siecle\/","title":{"rendered":"Line Vautrin et les courants artistiques du XXe si\u00e8cle"},"content":{"rendered":"<div data-elementor-type=\"wp-page\" data-elementor-id=\"250\" class=\"elementor elementor-250\" data-elementor-settings=\"{&quot;ha_cmc_init_switcher&quot;:&quot;no&quot;}\" data-elementor-post-type=\"page\">\n\t\t\t\t<div class=\"elementor-element elementor-element-e3b8a8a e-con-full e-flex e-con e-parent\" data-id=\"e3b8a8a\" data-element_type=\"container\" data-e-type=\"container\" data-settings=\"{&quot;_ha_eqh_enable&quot;:false}\">\n\t\t\t\t<div class=\"elementor-element elementor-element-09a16d5 elementor-widget elementor-widget-spacer\" data-id=\"09a16d5\" data-element_type=\"widget\" data-e-type=\"widget\" data-widget_type=\"spacer.default\">\n\t\t\t\t\t\t\t<div class=\"elementor-spacer\">\n\t\t\t<div class=\"elementor-spacer-inner\"><\/div>\n\t\t<\/div>\n\t\t\t\t\t\t<\/div>\n\t\t\t\t<div class=\"elementor-element elementor-element-e8e9b9b elementor-widget elementor-widget-heading\" data-id=\"e8e9b9b\" data-element_type=\"widget\" data-e-type=\"widget\" data-widget_type=\"heading.default\">\n\t\t\t\t\t<h1 class=\"elementor-heading-title elementor-size-default\">Line Vautrin et les courants artistiques du XXe si\u00e8cle<\/h1>\t\t\t\t<\/div>\n\t\t<div class=\"elementor-element elementor-element-cadeeeb e-flex e-con-boxed e-con e-child\" data-id=\"cadeeeb\" data-element_type=\"container\" data-e-type=\"container\" data-settings=\"{&quot;_ha_eqh_enable&quot;:false}\">\n\t\t\t\t\t<div class=\"e-con-inner\">\n\t\t\t\t<div class=\"elementor-element elementor-element-7f0e073 elementor-widget elementor-widget-text-editor\" data-id=\"7f0e073\" data-element_type=\"widget\" data-e-type=\"widget\" data-widget_type=\"text-editor.default\">\n\t\t\t\t\t\t\t\t\tComment situer Line Vautrin dans les courants artistiques du XXe si\u00e8cle ? La question ne trouve pas de r\u00e9ponse imm\u00e9diate. Son \u0153uvre se d\u00e9veloppe dans un contexte marqu\u00e9 par les mutations des arts d\u00e9coratifs, l\u2019\u00e9mergence du design moderne et les recherches des avant-gardes. Pourtant, elle ne s\u2019inscrit dans aucun mouvement pr\u00e9cis. Comprendre son positionnement suppose d\u2019analyser les liens qu\u2019elle entretient avec son \u00e9poque, tout en reconnaissant <a href=\"https:\/\/fondsdedotationlinevautrin.fr\/en\/loeuvre-de-line-vautrin\/\" title=\"Line Vautrin, une \u0153uvre singuli\u00e8re\">la singularit\u00e9 de sa d\u00e9marche artistique<\/a>.\t\t\t\t\t\t\t\t<\/div>\n\t\t\t\t\t<\/div>\n\t\t\t\t<\/div>\n\t\t\t\t<\/div>\n\t\t<div class=\"elementor-element elementor-element-5544cd4 e-flex e-con-boxed e-con e-parent\" data-id=\"5544cd4\" data-element_type=\"container\" data-e-type=\"container\" data-settings=\"{&quot;_ha_eqh_enable&quot;:false}\">\n\t\t\t\t\t<div class=\"e-con-inner\">\n\t\t<div class=\"elementor-element elementor-element-7340d5f e-con-full e-flex e-con e-child\" data-id=\"7340d5f\" data-element_type=\"container\" data-e-type=\"container\" data-settings=\"{&quot;_ha_eqh_enable&quot;:false}\">\n\t\t\t\t<div class=\"elementor-element elementor-element-b3d8332 elementor-widget elementor-widget-heading\" data-id=\"b3d8332\" data-element_type=\"widget\" data-e-type=\"widget\" data-widget_type=\"heading.default\">\n\t\t\t\t\t<h2 class=\"elementor-heading-title elementor-size-default\">Line Vautrin et les arts d\u00e9coratifs du XXe si\u00e8cle<\/h2>\t\t\t\t<\/div>\n\t\t\t\t<div class=\"elementor-element elementor-element-46df5cd elementor-widget elementor-widget-text-editor\" data-id=\"46df5cd\" data-element_type=\"widget\" data-e-type=\"widget\" data-widget_type=\"text-editor.default\">\n\t\t\t\t\t\t\t\t\t<p>L\u2019inscription de Line Vautrin dans les arts d\u00e9coratifs du XXe si\u00e8cle constitue un premier rep\u00e8re. Form\u00e9e dans cet environnement, elle d\u00e9veloppe une attention particuli\u00e8re aux mat\u00e9riaux, aux techniques et \u00e0 la relation entre forme et usage. Cependant, ses cr\u00e9ations d\u00e9passent rapidement le cadre de l\u2019objet d\u00e9coratif. L\u2019objet devient un espace d\u2019exp\u00e9rimentation, o\u00f9 la fonction est transform\u00e9e et parfois d\u00e9tourn\u00e9e. Cette position la situe dans une \u00e9volution des arts d\u00e9coratifs, sans qu\u2019elle s\u2019y limite.<\/p>\t\t\t\t\t\t\t\t<\/div>\n\t\t\t\t<\/div>\n\t\t<div class=\"elementor-element elementor-element-698efda e-con-full e-flex e-con e-child\" data-id=\"698efda\" data-element_type=\"container\" data-e-type=\"container\" data-settings=\"{&quot;_ha_eqh_enable&quot;:false}\">\n\t\t\t\t<div class=\"elementor-element elementor-element-a088f68 elementor-widget elementor-widget-heading\" data-id=\"a088f68\" data-element_type=\"widget\" data-e-type=\"widget\" data-widget_type=\"heading.default\">\n\t\t\t\t\t<h2 class=\"elementor-heading-title elementor-size-default\">Une \u0153uvre face aux courants artistiques du XXe si\u00e8cle<\/h2>\t\t\t\t<\/div>\n\t\t\t\t<div class=\"elementor-element elementor-element-647471b elementor-widget elementor-widget-text-editor\" data-id=\"647471b\" data-element_type=\"widget\" data-e-type=\"widget\" data-widget_type=\"text-editor.default\">\n\t\t\t\t\t\t\t\t\t<p>Peut-on rattacher Line Vautrin \u00e0 un courant artistique du XXe si\u00e8cle ? L\u2019analyse montre une proximit\u00e9 avec certaines recherches contemporaines, sans adh\u00e9sion directe. \u00c0 l\u2019heure o\u00f9 abstraction, surr\u00e9alisme et design red\u00e9finissent les formes, son travail d\u00e9veloppe une voie autonome. Cette ind\u00e9pendance artistique constitue un \u00e9l\u00e9ment central de son identit\u00e9. Elle explique en partie pourquoi son \u0153uvre \u00e9chappe aux classifications traditionnelles.<\/p>\t\t\t\t\t\t\t\t<\/div>\n\t\t\t\t<\/div>\n\t\t\t\t\t<\/div>\n\t\t\t\t<\/div>\n\t\t<div class=\"elementor-element elementor-element-ff51b96 e-flex e-con-boxed e-con e-parent\" data-id=\"ff51b96\" data-element_type=\"container\" data-e-type=\"container\" data-settings=\"{&quot;_ha_eqh_enable&quot;:false}\">\n\t\t\t\t\t<div class=\"e-con-inner\">\n\t\t<div class=\"elementor-element elementor-element-f0d4129 e-con-full e-flex e-con e-child\" data-id=\"f0d4129\" data-element_type=\"container\" data-e-type=\"container\" data-settings=\"{&quot;_ha_eqh_enable&quot;:false}\">\n\t\t\t\t<div class=\"elementor-element elementor-element-4390bf8 elementor-widget elementor-widget-image-carousel\" data-id=\"4390bf8\" data-element_type=\"widget\" data-e-type=\"widget\" data-settings=\"{&quot;slides_to_show&quot;:&quot;1&quot;,&quot;navigation&quot;:&quot;none&quot;,&quot;autoplay&quot;:&quot;yes&quot;,&quot;pause_on_hover&quot;:&quot;yes&quot;,&quot;pause_on_interaction&quot;:&quot;yes&quot;,&quot;autoplay_speed&quot;:5000,&quot;infinite&quot;:&quot;yes&quot;,&quot;effect&quot;:&quot;slide&quot;,&quot;speed&quot;:500}\" data-widget_type=\"image-carousel.default\">\n\t\t\t\t\t\t\t<div class=\"elementor-image-carousel-wrapper swiper\" role=\"region\" aria-roledescription=\"carousel\" aria-label=\"Carrousel d\u2019images\" dir=\"ltr\">\n\t\t\t<div class=\"elementor-image-carousel swiper-wrapper\" aria-live=\"off\">\n\t\t\t\t\t\t\t\t<div class=\"swiper-slide\" role=\"group\" aria-roledescription=\"slide\" aria-label=\"1 sur 1\"><figure class=\"swiper-slide-inner\"><img decoding=\"async\" class=\"swiper-slide-image\" src=\"https:\/\/fondsdedotationlinevautrin.fr\/wp-content\/uploads\/2025\/12\/logo_line_vautrin_bronze-300x296.webp\" alt=\"logo_line_vautrin_bronze\" \/><\/figure><\/div>\t\t\t<\/div>\n\t\t\t\t\t<\/div>\n\t\t\t\t\t\t<\/div>\n\t\t\t\t<\/div>\n\t\t<div class=\"elementor-element elementor-element-c5f47ec e-con-full e-flex e-con e-child\" data-id=\"c5f47ec\" data-element_type=\"container\" data-e-type=\"container\" data-settings=\"{&quot;_ha_eqh_enable&quot;:false}\">\n\t\t\t\t<div class=\"elementor-element elementor-element-4ec6399 elementor-widget elementor-widget-heading\" data-id=\"4ec6399\" data-element_type=\"widget\" data-e-type=\"widget\" data-widget_type=\"heading.default\">\n\t\t\t\t\t<h2 class=\"elementor-heading-title elementor-size-default\">Influence, symbolique et langage des formes<\/h2>\t\t\t\t<\/div>\n\t\t\t\t<div class=\"elementor-element elementor-element-a56690b elementor-widget elementor-widget-text-editor\" data-id=\"a56690b\" data-element_type=\"widget\" data-e-type=\"widget\" data-widget_type=\"text-editor.default\">\n\t\t\t\t\t\t\t\t\t<p>Quelle influence des courants artistiques du XXe si\u00e8cle retrouve-t-on dans son travail ? La r\u00e9ponse passe par une lecture des <a title=\"Symbolique, mythologie et langage des formes chez Line Vautrin\" href=\"https:\/\/fondsdedotationlinevautrin.fr\/en\/symbolique-mythologie-et-langage-des-formes\/\">formes, les signes et les symboles<\/a>. R\u00e9bus, inscriptions, jeux de mots et compositions symboliques introduisent une dimension interpr\u00e9tative. Cette attention au langage visuel entre en r\u00e9sonance avec certaines pr\u00e9occupations du si\u00e8cle, notamment autour du symbole et de la signification. La symbolique dans l\u2019\u0153uvre de Line Vautrin ne rel\u00e8ve pas d\u2019un courant pr\u00e9cis, mais d\u2019une d\u00e9marche personnelle.<\/p>\t\t\t\t\t\t\t\t<\/div>\n\t\t\t\t<\/div>\n\t\t\t\t\t<\/div>\n\t\t\t\t<\/div>\n\t\t<div class=\"elementor-element elementor-element-820c147 e-flex e-con-boxed e-con e-parent\" data-id=\"820c147\" data-element_type=\"container\" data-e-type=\"container\" data-settings=\"{&quot;_ha_eqh_enable&quot;:false}\">\n\t\t\t\t\t<div class=\"e-con-inner\">\n\t\t<div class=\"elementor-element elementor-element-54b9535 e-con-full e-flex e-con e-child\" data-id=\"54b9535\" data-element_type=\"container\" data-e-type=\"container\" data-settings=\"{&quot;_ha_eqh_enable&quot;:false}\">\n\t\t\t\t<div class=\"elementor-element elementor-element-9bf15ad elementor-widget elementor-widget-heading\" data-id=\"9bf15ad\" data-element_type=\"widget\" data-e-type=\"widget\" data-widget_type=\"heading.default\">\n\t\t\t\t\t<h2 class=\"elementor-heading-title elementor-size-default\">Une \u0153uvre entre art d\u00e9coratif et art plastique<\/h2>\t\t\t\t<\/div>\n\t\t\t\t<div class=\"elementor-element elementor-element-f710fce elementor-widget elementor-widget-text-editor\" data-id=\"f710fce\" data-element_type=\"widget\" data-e-type=\"widget\" data-widget_type=\"text-editor.default\">\n\t\t\t\t\t\t\t\t\tL\u2019une des questions centrales reste la suivante : Line Vautrin rel\u00e8ve-t-elle des arts d\u00e9coratifs ou de l\u2019art plastique ? Cette h\u00e9sitation participe de la richesse de son \u0153uvre. En se situant \u00e0 <a href=\"https:\/\/fondsdedotationlinevautrin.fr\/en\/bijoux-et-objets-entre-art-et-artisanat\/\" title=\"Bijoux et objets : entre art et artisanat\">la fronti\u00e8re entre art d\u00e9coratif et \u0153uvre d\u2019art<\/a>, elle contribue \u00e0 brouiller les distinctions \u00e9tablies. Cette position interm\u00e9diaire correspond aux \u00e9volutions du XXe si\u00e8cle, o\u00f9 les cat\u00e9gories traditionnelles sont progressivement remises en question.\t\t\t\t\t\t\t\t<\/div>\n\t\t\t\t<\/div>\n\t\t<div class=\"elementor-element elementor-element-cea7073 e-con-full e-flex e-con e-child\" data-id=\"cea7073\" data-element_type=\"container\" data-e-type=\"container\" data-settings=\"{&quot;_ha_eqh_enable&quot;:false}\">\n\t\t\t\t<div class=\"elementor-element elementor-element-5f4154c elementor-widget elementor-widget-heading\" data-id=\"5f4154c\" data-element_type=\"widget\" data-e-type=\"widget\" data-widget_type=\"heading.default\">\n\t\t\t\t\t<h2 class=\"elementor-heading-title elementor-size-default\">Comment comprendre la place de Line Vautrin dans l\u2019histoire de l\u2019art ?<\/h2>\t\t\t\t<\/div>\n\t\t\t\t<div class=\"elementor-element elementor-element-35ca28f elementor-widget elementor-widget-text-editor\" data-id=\"35ca28f\" data-element_type=\"widget\" data-e-type=\"widget\" data-widget_type=\"text-editor.default\">\n\t\t\t\t\t\t\t\t\t<p>Comprendre la place de Line Vautrin dans les courants artistiques du XXe si\u00e8cle suppose d\u2019adopter une approche nuanc\u00e9e. Il ne s\u2019agit pas de l\u2019inscrire de force dans un mouvement, mais d\u2019identifier les contextes dans lesquels son \u0153uvre prend forme. Cette lecture permet de restituer les influences, les \u00e9carts et les continuit\u00e9s qui structurent son parcours.<\/p>\t\t\t\t\t\t\t\t<\/div>\n\t\t\t\t<\/div>\n\t\t\t\t\t<\/div>\n\t\t\t\t<\/div>\n\t\t<div class=\"elementor-element elementor-element-7687d0c e-flex e-con-boxed e-con e-parent\" data-id=\"7687d0c\" data-element_type=\"container\" data-e-type=\"container\" data-settings=\"{&quot;_ha_eqh_enable&quot;:false}\">\n\t\t\t\t\t<div class=\"e-con-inner\">\n\t\t<div class=\"elementor-element elementor-element-857e52b e-con-full e-flex e-con e-child\" data-id=\"857e52b\" data-element_type=\"container\" data-e-type=\"container\" data-settings=\"{&quot;_ha_eqh_enable&quot;:false}\">\n\t\t\t\t<div class=\"elementor-element elementor-element-7584ba8 elementor-widget elementor-widget-text-editor\" data-id=\"7584ba8\" data-element_type=\"widget\" data-e-type=\"widget\" data-widget_type=\"text-editor.default\">\n\t\t\t\t\t\t\t\t\t<p>Bijoux, objets, miroirs : ces diff\u00e9rentes cat\u00e9gories ne doivent pas \u00eatre isol\u00e9es. Elles participent d\u2019une m\u00eame continuit\u00e9 artistique. La libert\u00e9 de forme, l\u2019attention port\u00e9e aux mat\u00e9riaux et la coh\u00e9rence de l\u2019\u00e9criture plastique se retrouvent dans l\u2019ensemble de la production. Lire les objets de Line Vautrin, c\u2019est reconna\u00eetre une vision d\u2019ensemble, o\u00f9 chaque pi\u00e8ce contribue \u00e0 une \u0153uvre construite dans la dur\u00e9e.<\/p><p>Les bijoux et objets de Line Vautrin illustrent pleinement la mani\u00e8re dont une production peut d\u00e9passer ses fonctions premi\u00e8res pour acc\u00e9der au statut d\u2019\u0153uvre. Par le d\u00e9tournement de l\u2019usage, par la richesse formelle et par la coh\u00e9rence d\u2019ensemble, ils occupent une place centrale dans son corpus. Leur analyse permet d\u2019\u00e9clairer la d\u00e9marche artistique de Line Vautrin et <a title=\"Une \u0153uvre \u00e0 red\u00e9couvrir aujourd\u2019hui\" href=\"https:\/\/fondsdedotationlinevautrin.fr\/en\/une-oeuvre-a-redecouvrir-aujourdhui\/\">l\u2019int\u00e9r\u00eat renouvel\u00e9 pour son \u0153uvre aujourd\u2019hui<\/a>.<\/p>\t\t\t\t\t\t\t\t<\/div>\n\t\t\t\t<div class=\"elementor-element elementor-element-80706be elementor-widget elementor-widget-heading\" data-id=\"80706be\" data-element_type=\"widget\" data-e-type=\"widget\" data-widget_type=\"heading.default\">\n\t\t\t\t\t<h2 class=\"elementor-heading-title elementor-size-default\">Une m\u00eame libert\u00e9 cr\u00e9ative dans l\u2019ensemble du corpus<\/h2>\t\t\t\t<\/div>\n\t\t\t\t<\/div>\n\t\t\t\t\t<\/div>\n\t\t\t\t<\/div>\n\t\t\t\t<\/div>","protected":false},"excerpt":{"rendered":"<p>Line Vautrin et les courants artistiques du XXe si\u00e8cle Comment situer Line Vautrin dans les courants artistiques du XXe si\u00e8cle ? La question ne trouve pas de r\u00e9ponse imm\u00e9diate. Son \u0153uvre se d\u00e9veloppe dans un contexte marqu\u00e9 par les mutations des arts d\u00e9coratifs, l\u2019\u00e9mergence du design moderne et les recherches des avant-gardes. Pourtant, elle ne [&hellip;]<\/p>\n","protected":false},"author":1,"featured_media":0,"parent":0,"menu_order":0,"comment_status":"closed","ping_status":"closed","template":"elementor_header_footer","meta":{"footnotes":""},"folder":[],"class_list":["post-250","page","type-page","status-publish","hentry"],"_hostinger_reach_plugin_has_subscription_block":false,"_hostinger_reach_plugin_is_elementor":false,"_links":{"self":[{"href":"https:\/\/fondsdedotationlinevautrin.fr\/en\/wp-json\/wp\/v2\/pages\/250","targetHints":{"allow":["GET"]}}],"collection":[{"href":"https:\/\/fondsdedotationlinevautrin.fr\/en\/wp-json\/wp\/v2\/pages"}],"about":[{"href":"https:\/\/fondsdedotationlinevautrin.fr\/en\/wp-json\/wp\/v2\/types\/page"}],"author":[{"embeddable":true,"href":"https:\/\/fondsdedotationlinevautrin.fr\/en\/wp-json\/wp\/v2\/users\/1"}],"replies":[{"embeddable":true,"href":"https:\/\/fondsdedotationlinevautrin.fr\/en\/wp-json\/wp\/v2\/comments?post=250"}],"version-history":[{"count":11,"href":"https:\/\/fondsdedotationlinevautrin.fr\/en\/wp-json\/wp\/v2\/pages\/250\/revisions"}],"predecessor-version":[{"id":456,"href":"https:\/\/fondsdedotationlinevautrin.fr\/en\/wp-json\/wp\/v2\/pages\/250\/revisions\/456"}],"wp:attachment":[{"href":"https:\/\/fondsdedotationlinevautrin.fr\/en\/wp-json\/wp\/v2\/media?parent=250"}],"wp:term":[{"taxonomy":"folder","embeddable":true,"href":"https:\/\/fondsdedotationlinevautrin.fr\/en\/wp-json\/wp\/v2\/folder?post=250"}],"curies":[{"name":"wp","href":"https:\/\/api.w.org\/{rel}","templated":true}]}}