{"id":247,"date":"2026-03-17T17:16:39","date_gmt":"2026-03-17T17:16:39","guid":{"rendered":"https:\/\/fondsdedotationlinevautrin.fr\/?page_id=247"},"modified":"2026-03-24T16:35:58","modified_gmt":"2026-03-24T16:35:58","slug":"bijoux-et-objets-entre-art-et-artisanat","status":"publish","type":"page","link":"https:\/\/fondsdedotationlinevautrin.fr\/en\/bijoux-et-objets-entre-art-et-artisanat\/","title":{"rendered":"Bijoux et objets : entre art et artisanat"},"content":{"rendered":"<div data-elementor-type=\"wp-page\" data-elementor-id=\"247\" class=\"elementor elementor-247\" data-elementor-settings=\"{&quot;ha_cmc_init_switcher&quot;:&quot;no&quot;}\" data-elementor-post-type=\"page\">\n\t\t\t\t<div class=\"elementor-element elementor-element-eabde16 e-con-full e-flex e-con e-parent\" data-id=\"eabde16\" data-element_type=\"container\" data-e-type=\"container\" data-settings=\"{&quot;_ha_eqh_enable&quot;:false}\">\n\t\t\t\t<div class=\"elementor-element elementor-element-4b3dcd2 elementor-widget elementor-widget-spacer\" data-id=\"4b3dcd2\" data-element_type=\"widget\" data-e-type=\"widget\" data-widget_type=\"spacer.default\">\n\t\t\t\t\t\t\t<div class=\"elementor-spacer\">\n\t\t\t<div class=\"elementor-spacer-inner\"><\/div>\n\t\t<\/div>\n\t\t\t\t\t\t<\/div>\n\t\t\t\t<div class=\"elementor-element elementor-element-37af75e elementor-widget elementor-widget-heading\" data-id=\"37af75e\" data-element_type=\"widget\" data-e-type=\"widget\" data-widget_type=\"heading.default\">\n\t\t\t\t\t<h1 class=\"elementor-heading-title elementor-size-default\">Bijoux et objets de Line Vautrin : entre art, usage et invention formelle<\/h1>\t\t\t\t<\/div>\n\t\t<div class=\"elementor-element elementor-element-f802153 e-flex e-con-boxed e-con e-child\" data-id=\"f802153\" data-element_type=\"container\" data-e-type=\"container\" data-settings=\"{&quot;_ha_eqh_enable&quot;:false}\">\n\t\t\t\t\t<div class=\"e-con-inner\">\n\t\t\t\t<div class=\"elementor-element elementor-element-b6f6676 elementor-widget elementor-widget-text-editor\" data-id=\"b6f6676\" data-element_type=\"widget\" data-e-type=\"widget\" data-widget_type=\"text-editor.default\">\n\t\t\t\t\t\t\t\t\t<p>Les bijoux et objets de Line Vautrin occupent une place essentielle dans son \u0153uvre. Loin de se limiter \u00e0 une fonction d\u00e9corative ou utilitaire, ils constituent un espace d\u2019exp\u00e9rimentation o\u00f9 s\u2019affirme une \u00e9criture plastique singuli\u00e8re. Comprendre les bijoux de Line Vautrin suppose d\u2019en saisir la coh\u00e9rence formelle, la libert\u00e9 cr\u00e9ative et la mani\u00e8re dont chaque pi\u00e8ce transforme un usage en v\u00e9ritable proposition artistique.<\/p>\t\t\t\t\t\t\t\t<\/div>\n\t\t\t\t\t<\/div>\n\t\t\t\t<\/div>\n\t\t\t\t<\/div>\n\t\t<div class=\"elementor-element elementor-element-9659f13 e-grid e-con-boxed e-con e-parent\" data-id=\"9659f13\" data-element_type=\"container\" data-e-type=\"container\" data-settings=\"{&quot;_ha_eqh_enable&quot;:false}\">\n\t\t\t\t\t<div class=\"e-con-inner\">\n\t\t<div class=\"elementor-element elementor-element-a3d66ae e-con-full e-flex e-con e-child\" data-id=\"a3d66ae\" data-element_type=\"container\" data-e-type=\"container\" data-settings=\"{&quot;background_background&quot;:&quot;classic&quot;,&quot;_ha_eqh_enable&quot;:false}\">\n\t\t\t\t<\/div>\n\t\t<div class=\"elementor-element elementor-element-df32b60 e-con-full e-flex e-con e-child\" data-id=\"df32b60\" data-element_type=\"container\" data-e-type=\"container\" data-settings=\"{&quot;_ha_eqh_enable&quot;:false}\">\n\t\t\t\t<div class=\"elementor-element elementor-element-559a1cf elementor-widget elementor-widget-heading\" data-id=\"559a1cf\" data-element_type=\"widget\" data-e-type=\"widget\" data-widget_type=\"heading.default\">\n\t\t\t\t\t<h2 class=\"elementor-heading-title elementor-size-default\">Les bijoux de Line Vautrin : bien plus que des ornements<\/h2>\t\t\t\t<\/div>\n\t\t\t\t<div class=\"elementor-element elementor-element-0e117ef elementor-widget elementor-widget-text-editor\" data-id=\"0e117ef\" data-element_type=\"widget\" data-e-type=\"widget\" data-widget_type=\"text-editor.default\">\n\t\t\t\t\t\t\t\t\tLes bijoux de Line Vautrin ne rel\u00e8vent pas d\u2019une simple logique d\u2019ornement. Chaque pi\u00e8ce engage une r\u00e9flexion sur la forme, le relief et le langage visuel. Parure et cr\u00e9ation autonome se rejoignent dans une m\u00eame exigence formelle. Loin des codes traditionnels de la bijouterie, ces pi\u00e8ces affirment une ind\u00e9pendance artistique, o\u00f9 la mati\u00e8re, la composition et <a href=\"https:\/\/fondsdedotationlinevautrin.fr\/en\/techniques-et-savoir-faire\/\" title=\"Techniques et savoir-faire de Line Vautrin\">les techniques de fabrication associ\u00e9es \u00e0 ces pi\u00e8ces<\/a> participent d\u2019une v\u00e9ritable \u00e9criture plastique.\t\t\t\t\t\t\t\t<\/div>\n\t\t\t\t<\/div>\n\t\t<div class=\"elementor-element elementor-element-680d81f e-con-full e-flex e-con e-child\" data-id=\"680d81f\" data-element_type=\"container\" data-e-type=\"container\" data-settings=\"{&quot;_ha_eqh_enable&quot;:false}\">\n\t\t\t\t<div class=\"elementor-element elementor-element-b53eeac elementor-widget elementor-widget-heading\" data-id=\"b53eeac\" data-element_type=\"widget\" data-e-type=\"widget\" data-widget_type=\"heading.default\">\n\t\t\t\t\t<h2 class=\"elementor-heading-title elementor-size-default\">Des objets utilitaires transform\u00e9s en cr\u00e9ations autonomes<\/h2>\t\t\t\t<\/div>\n\t\t\t\t<div class=\"elementor-element elementor-element-4f49607 elementor-widget elementor-widget-text-editor\" data-id=\"4f49607\" data-element_type=\"widget\" data-e-type=\"widget\" data-widget_type=\"text-editor.default\">\n\t\t\t\t\t\t\t\t\tBo\u00eetes, compacts, accessoires ou petits objets : une part importante du corpus se situe \u00e0 la fronti\u00e8re de l\u2019usage. Pourtant, ces pi\u00e8ces ne se r\u00e9duisent jamais \u00e0 leur fonction. Elles rel\u00e8vent d\u2019un v\u00e9ritable d\u00e9tournement de l\u2019objet, o\u00f9 surface, relief, inscriptions et <a href=\"https:\/\/fondsdedotationlinevautrin.fr\/en\/les-materiaux-utilises-par-line-vautrin\/\" title=\"Les mat\u00e9riaux utilis\u00e9s par Line Vautrin\">l\u2019attention port\u00e9e aux mat\u00e9riaux<\/a> transforment l\u2019utilitaire en forme signifiante. Les objets de Line Vautrin deviennent ainsi des cr\u00e9ations autonomes, inscrites dans une logique artistique coh\u00e9rente.\t\t\t\t\t\t\t\t<\/div>\n\t\t\t\t<\/div>\n\t\t\t\t\t<\/div>\n\t\t\t\t<\/div>\n\t\t<div class=\"elementor-element elementor-element-43dbea3 e-grid e-con-boxed e-con e-parent\" data-id=\"43dbea3\" data-element_type=\"container\" data-e-type=\"container\" data-settings=\"{&quot;_ha_eqh_enable&quot;:false}\">\n\t\t\t\t\t<div class=\"e-con-inner\">\n\t\t<div class=\"elementor-element elementor-element-7013124 e-con-full e-flex e-con e-child\" data-id=\"7013124\" data-element_type=\"container\" data-e-type=\"container\" data-settings=\"{&quot;_ha_eqh_enable&quot;:false}\">\n\t\t\t\t<div class=\"elementor-element elementor-element-4b051c0 elementor-widget elementor-widget-heading\" data-id=\"4b051c0\" data-element_type=\"widget\" data-e-type=\"widget\" data-widget_type=\"heading.default\">\n\t\t\t\t\t<h2 class=\"elementor-heading-title elementor-size-default\">Inscriptions, r\u00e9bus et langage formel<\/h2>\t\t\t\t<\/div>\n\t\t\t\t<div class=\"elementor-element elementor-element-bc5ed21 elementor-widget elementor-widget-text-editor\" data-id=\"bc5ed21\" data-element_type=\"widget\" data-e-type=\"widget\" data-widget_type=\"text-editor.default\">\n\t\t\t\t\t\t\t\t\tUne dimension essentielle de ces cr\u00e9ations r\u00e9side dans l\u2019usage des <a href=\"https:\/\/fondsdedotationlinevautrin.fr\/en\/symbolique-mythologie-et-langage-des-formes\/\" title=\"Symbolique, mythologie et langage des formes chez Line Vautrin\">mots, les inscriptions et les r\u00e9bus<\/a>. Ces \u00e9l\u00e9ments introduisent une lecture suppl\u00e9mentaire, \u00e0 la fois visuelle et intellectuelle. Le bijou ou l\u2019objet devient alors support de langage, lieu d\u2019une po\u00e9sie visuelle o\u00f9 le regard est invit\u00e9 \u00e0 d\u00e9chiffrer autant qu\u2019\u00e0 contempler. Cette articulation entre texte et forme participe pleinement \u00e0 la singularit\u00e9 de l\u2019ensemble.\t\t\t\t\t\t\t\t<\/div>\n\t\t\t\t<\/div>\n\t\t<div class=\"elementor-element elementor-element-61edc53 e-con-full e-flex e-con e-child\" data-id=\"61edc53\" data-element_type=\"container\" data-e-type=\"container\" data-settings=\"{&quot;_ha_eqh_enable&quot;:false}\">\n\t\t\t\t<div class=\"elementor-element elementor-element-cc4e09e elementor-widget elementor-widget-heading\" data-id=\"cc4e09e\" data-element_type=\"widget\" data-e-type=\"widget\" data-widget_type=\"heading.default\">\n\t\t\t\t\t<h2 class=\"elementor-heading-title elementor-size-default\">Entre art d\u00e9coratif et \u0153uvre d\u2019art<\/h2>\t\t\t\t<\/div>\n\t\t\t\t<div class=\"elementor-element elementor-element-cba8454 elementor-widget elementor-widget-text-editor\" data-id=\"cba8454\" data-element_type=\"widget\" data-e-type=\"widget\" data-widget_type=\"text-editor.default\">\n\t\t\t\t\t\t\t\t\t<p>Les bijoux et objets de Line Vautrin interrogent la fronti\u00e8re entre art d\u00e9coratif et art plastique. Leur statut ne se laisse pas fixer ais\u00e9ment. Sont-ils des objets d\u00e9coratifs ou des \u0153uvres d\u2019art \u00e0 part enti\u00e8re ? Cette tension participe pr\u00e9cis\u00e9ment de leur singularit\u00e9. En se tenant \u00e0 distance des cat\u00e9gories \u00e9tablies, la d\u00e9marche artistique affirme une position ind\u00e9pendante, o\u00f9 chaque pi\u00e8ce existe \u00e0 la fois comme objet et comme \u0153uvre.<\/p>\t\t\t\t\t\t\t\t<\/div>\n\t\t\t\t<\/div>\n\t\t<div class=\"elementor-element elementor-element-1bb7d86 e-con-full e-flex e-con e-child\" data-id=\"1bb7d86\" data-element_type=\"container\" data-e-type=\"container\" data-settings=\"{&quot;background_background&quot;:&quot;classic&quot;,&quot;_ha_eqh_enable&quot;:false}\">\n\t\t\t\t<\/div>\n\t\t\t\t\t<\/div>\n\t\t\t\t<\/div>\n\t\t<div class=\"elementor-element elementor-element-acd334d e-flex e-con-boxed e-con e-parent\" data-id=\"acd334d\" data-element_type=\"container\" data-e-type=\"container\" data-settings=\"{&quot;_ha_eqh_enable&quot;:false}\">\n\t\t\t\t\t<div class=\"e-con-inner\">\n\t\t<div class=\"elementor-element elementor-element-52bd2a1 e-con-full e-flex e-con e-child\" data-id=\"52bd2a1\" data-element_type=\"container\" data-e-type=\"container\" data-settings=\"{&quot;_ha_eqh_enable&quot;:false}\">\n\t\t\t\t<div class=\"elementor-element elementor-element-c0d043f elementor-widget elementor-widget-text-editor\" data-id=\"c0d043f\" data-element_type=\"widget\" data-e-type=\"widget\" data-widget_type=\"text-editor.default\">\n\t\t\t\t\t\t\t\t\tLine Vautrin occupe une position singuli\u00e8re dans les courants artistiques du XXe si\u00e8cle. Ni en marge totale, ni int\u00e9gr\u00e9e \u00e0 un mouvement, son \u0153uvre dialogue avec son \u00e9poque tout en conservant une forte ind\u00e9pendance. Cette posture s\u2019inscrit dans <a href=\"https:\/\/fondsdedotationlinevautrin.fr\/en\/loeuvre-de-line-vautrin\/\" title=\"L\u2019\u0153uvre de Line Vautrin\">une vision d\u2019ensemble de l\u2019\u0153uvre<\/a>, qui permet de comprendre la coh\u00e9rence et la singularit\u00e9 de sa d\u00e9marche. Cette position contribue aujourd\u2019hui \u00e0 son int\u00e9r\u00eat et \u00e0 sa red\u00e9couverte, en faisant d\u2019elle une figure \u00e0 part dans l\u2019histoire des formes.\t\t\t\t\t\t\t\t<\/div>\n\t\t\t\t<div class=\"elementor-element elementor-element-e0e6bf1 elementor-widget elementor-widget-heading\" data-id=\"e0e6bf1\" data-element_type=\"widget\" data-e-type=\"widget\" data-widget_type=\"heading.default\">\n\t\t\t\t\t<h2 class=\"elementor-heading-title elementor-size-default\">Conclusion<\/h2>\t\t\t\t<\/div>\n\t\t\t\t<\/div>\n\t\t\t\t\t<\/div>\n\t\t\t\t<\/div>\n\t\t<div class=\"elementor-element elementor-element-d457b7d e-flex e-con-boxed e-con e-parent\" data-id=\"d457b7d\" data-element_type=\"container\" data-e-type=\"container\" data-settings=\"{&quot;_ha_eqh_enable&quot;:false}\">\n\t\t\t\t\t<div class=\"e-con-inner\">\n\t\t\t\t<div class=\"elementor-element elementor-element-002fee6 elementor-widget elementor-widget-spacer\" data-id=\"002fee6\" data-element_type=\"widget\" data-e-type=\"widget\" data-widget_type=\"spacer.default\">\n\t\t\t\t\t\t\t<div class=\"elementor-spacer\">\n\t\t\t<div class=\"elementor-spacer-inner\"><\/div>\n\t\t<\/div>\n\t\t\t\t\t\t<\/div>\n\t\t\t\t\t<\/div>\n\t\t\t\t<\/div>\n\t\t\t\t<\/div>","protected":false},"excerpt":{"rendered":"<p>Bijoux et objets de Line Vautrin : entre art, usage et invention formelle Les bijoux et objets de Line Vautrin occupent une place essentielle dans son \u0153uvre. Loin de se limiter \u00e0 une fonction d\u00e9corative ou utilitaire, ils constituent un espace d\u2019exp\u00e9rimentation o\u00f9 s\u2019affirme une \u00e9criture plastique singuli\u00e8re. Comprendre les bijoux de Line Vautrin suppose [&hellip;]<\/p>\n","protected":false},"author":1,"featured_media":0,"parent":0,"menu_order":0,"comment_status":"closed","ping_status":"closed","template":"elementor_header_footer","meta":{"footnotes":""},"folder":[],"class_list":["post-247","page","type-page","status-publish","hentry"],"_hostinger_reach_plugin_has_subscription_block":false,"_hostinger_reach_plugin_is_elementor":false,"_links":{"self":[{"href":"https:\/\/fondsdedotationlinevautrin.fr\/en\/wp-json\/wp\/v2\/pages\/247","targetHints":{"allow":["GET"]}}],"collection":[{"href":"https:\/\/fondsdedotationlinevautrin.fr\/en\/wp-json\/wp\/v2\/pages"}],"about":[{"href":"https:\/\/fondsdedotationlinevautrin.fr\/en\/wp-json\/wp\/v2\/types\/page"}],"author":[{"embeddable":true,"href":"https:\/\/fondsdedotationlinevautrin.fr\/en\/wp-json\/wp\/v2\/users\/1"}],"replies":[{"embeddable":true,"href":"https:\/\/fondsdedotationlinevautrin.fr\/en\/wp-json\/wp\/v2\/comments?post=247"}],"version-history":[{"count":14,"href":"https:\/\/fondsdedotationlinevautrin.fr\/en\/wp-json\/wp\/v2\/pages\/247\/revisions"}],"predecessor-version":[{"id":449,"href":"https:\/\/fondsdedotationlinevautrin.fr\/en\/wp-json\/wp\/v2\/pages\/247\/revisions\/449"}],"wp:attachment":[{"href":"https:\/\/fondsdedotationlinevautrin.fr\/en\/wp-json\/wp\/v2\/media?parent=247"}],"wp:term":[{"taxonomy":"folder","embeddable":true,"href":"https:\/\/fondsdedotationlinevautrin.fr\/en\/wp-json\/wp\/v2\/folder?post=247"}],"curies":[{"name":"wp","href":"https:\/\/api.w.org\/{rel}","templated":true}]}}