{"id":210,"date":"2026-02-24T12:51:42","date_gmt":"2026-02-24T12:51:42","guid":{"rendered":"https:\/\/fondsdedotationlinevautrin.fr\/?page_id=210"},"modified":"2026-03-24T17:23:22","modified_gmt":"2026-03-24T17:23:22","slug":"les-miroirs-de-line-vautrin","status":"publish","type":"page","link":"https:\/\/fondsdedotationlinevautrin.fr\/en\/les-miroirs-de-line-vautrin\/","title":{"rendered":"Les miroirs de Line Vautrin"},"content":{"rendered":"<div data-elementor-type=\"wp-page\" data-elementor-id=\"210\" class=\"elementor elementor-210\" data-elementor-settings=\"{&quot;ha_cmc_init_switcher&quot;:&quot;no&quot;}\" data-elementor-post-type=\"page\">\n\t\t\t\t<div class=\"elementor-element elementor-element-0e7b0a8 e-con-full e-flex e-con e-parent\" data-id=\"0e7b0a8\" data-element_type=\"container\" data-e-type=\"container\" data-settings=\"{&quot;_ha_eqh_enable&quot;:false}\">\n\t\t\t\t<div class=\"elementor-element elementor-element-a600ba1 elementor-widget elementor-widget-heading\" data-id=\"a600ba1\" data-element_type=\"widget\" data-e-type=\"widget\" data-widget_type=\"heading.default\">\n\t\t\t\t\t<h1 class=\"elementor-heading-title elementor-size-default\">Les miroirs de Line Vautrin : objet, symbole et \u0153uvre d\u2019art<\/h1>\t\t\t\t<\/div>\n\t\t<div class=\"elementor-element elementor-element-da59c41 e-flex e-con-boxed e-con e-child\" data-id=\"da59c41\" data-element_type=\"container\" data-e-type=\"container\" data-settings=\"{&quot;_ha_eqh_enable&quot;:false}\">\n\t\t\t\t\t<div class=\"e-con-inner\">\n\t\t\t\t<div class=\"elementor-element elementor-element-e568897 elementor-widget elementor-widget-text-editor\" data-id=\"e568897\" data-element_type=\"widget\" data-e-type=\"widget\" data-widget_type=\"text-editor.default\">\n\t\t\t\t\t\t\t\t\t<p>Les miroirs de Line Vautrin occupent une place centrale dans son corpus. Plus qu\u2019une surface r\u00e9fl\u00e9chissante, chaque pi\u00e8ce engage une r\u00e9flexion sur le regard, la perception et le jeu du visible. Comprendre les miroirs de Line Vautrin suppose d\u2019en d\u00e9passer la fonction utilitaire pour en saisir la port\u00e9e plastique et symbolique. Ces \u0153uvres se situent \u00e0 la fronti\u00e8re de l\u2019art d\u00e9coratif et de l\u2019art plastique, affirmant une vision singuli\u00e8re du miroir comme \u0153uvre d\u2019art.<\/p>\t\t\t\t\t\t\t\t<\/div>\n\t\t\t\t\t<\/div>\n\t\t\t\t<\/div>\n\t\t\t\t<\/div>\n\t\t<div class=\"elementor-element elementor-element-8aa31b6 e-con-full e-flex e-con e-parent\" data-id=\"8aa31b6\" data-element_type=\"container\" data-e-type=\"container\" data-settings=\"{&quot;_ha_eqh_enable&quot;:false}\">\n\t\t<div class=\"elementor-element elementor-element-aaa411a e-con-full e-flex e-con e-child\" data-id=\"aaa411a\" data-element_type=\"container\" data-e-type=\"container\" data-settings=\"{&quot;background_background&quot;:&quot;classic&quot;,&quot;_ha_eqh_enable&quot;:false}\">\n\t\t\t\t<\/div>\n\t\t<div class=\"elementor-element elementor-element-d63f9f7 e-con-full e-flex e-con e-child\" data-id=\"d63f9f7\" data-element_type=\"container\" data-e-type=\"container\" data-settings=\"{&quot;_ha_eqh_enable&quot;:false}\">\n\t\t<div class=\"elementor-element elementor-element-928185a e-con-full e-flex e-con e-child\" data-id=\"928185a\" data-element_type=\"container\" data-e-type=\"container\" data-settings=\"{&quot;_ha_eqh_enable&quot;:false}\">\n\t\t\t\t<div class=\"elementor-element elementor-element-fa2e157 elementor-widget elementor-widget-heading\" data-id=\"fa2e157\" data-element_type=\"widget\" data-e-type=\"widget\" data-widget_type=\"heading.default\">\n\t\t\t\t\t<h2 class=\"elementor-heading-title elementor-size-default\">Miroirs d\u2019artiste : d\u00e9tourner la fonction<\/h2>\t\t\t\t<\/div>\n\t\t\t\t<div class=\"elementor-element elementor-element-8f3c0f1 elementor-widget elementor-widget-text-editor\" data-id=\"8f3c0f1\" data-element_type=\"widget\" data-e-type=\"widget\" data-widget_type=\"text-editor.default\">\n\t\t\t\t\t\t\t\t\tQuelle diff\u00e9rence entre miroir d\u00e9coratif et miroir d\u2019artiste ? Les miroirs de Line Vautrin ne se limitent pas \u00e0 un objet destin\u00e9 \u00e0 refl\u00e9ter. Ils d\u00e9tournent la fonction premi\u00e8re du miroir pour en faire un espace de composition. Inscriptions, formes d\u00e9coup\u00e9es, jeux de reliefs, notamment gr\u00e2ce au <a href=\"https:\/\/fondsdedotationlinevautrin.fr\/en\/le-talosel-une-matiere-emblematique\/\" title=\"Le Talosel, une mati\u00e8re embl\u00e9matique chez Line Vautrin\">talosel, une mati\u00e8re embl\u00e9matique de son travail<\/a>, transforment la surface r\u00e9fl\u00e9chissante en support d\u2019\u00e9criture plastique. Le miroir devient ainsi un objet utilitaire transform\u00e9, porteur d\u2019une intention artistique explicite.\t\t\t\t\t\t\t\t<\/div>\n\t\t\t\t<\/div>\n\t\t<div class=\"elementor-element elementor-element-d63c91b e-con-full e-flex e-con e-child\" data-id=\"d63c91b\" data-element_type=\"container\" data-e-type=\"container\" data-settings=\"{&quot;_ha_eqh_enable&quot;:false}\">\n\t\t\t\t<div class=\"elementor-element elementor-element-196c3df elementor-widget elementor-widget-heading\" data-id=\"196c3df\" data-element_type=\"widget\" data-e-type=\"widget\" data-widget_type=\"heading.default\">\n\t\t\t\t\t<h2 class=\"elementor-heading-title elementor-size-default\">La symbolique du miroir chez Line Vautrin<\/h2>\t\t\t\t<\/div>\n\t\t\t\t<div class=\"elementor-element elementor-element-1a93fe4 elementor-widget elementor-widget-text-editor\" data-id=\"1a93fe4\" data-element_type=\"widget\" data-e-type=\"widget\" data-widget_type=\"text-editor.default\">\n\t\t\t\t\t\t\t\t\tLa symbolique du miroir chez <a href=\"https:\/\/fondsdedotationlinevautrin.fr\/en\/les-miroirs-de-line-vautrin\/\" title=\"Les miroirs de Line Vautrin\">Line Vautrin<\/a> ne rel\u00e8ve pas d\u2019un simple motif d\u00e9coratif. Elle engage une lecture symbolique du reflet et du rapport au spectateur. Le miroir confronte le regardeur \u00e0 sa propre image, mais aussi \u00e0 la composition qui l\u2019entoure. Cette tension entre pr\u00e9sence et distance participe \u00e0 la signification des miroirs de Line Vautrin, o\u00f9 le reflet devient \u00e9l\u00e9ment actif de l\u2019\u0153uvre.\t\t\t\t\t\t\t\t<\/div>\n\t\t\t\t<\/div>\n\t\t\t\t<\/div>\n\t\t\t\t<\/div>\n\t\t<div class=\"elementor-element elementor-element-ea486cf e-flex e-con-boxed e-con e-parent\" data-id=\"ea486cf\" data-element_type=\"container\" data-e-type=\"container\" data-settings=\"{&quot;_ha_eqh_enable&quot;:false}\">\n\t\t\t\t\t<div class=\"e-con-inner\">\n\t\t\t\t<div class=\"elementor-element elementor-element-d9300ca elementor-widget elementor-widget-spacer\" data-id=\"d9300ca\" data-element_type=\"widget\" data-e-type=\"widget\" data-widget_type=\"spacer.default\">\n\t\t\t\t\t\t\t<div class=\"elementor-spacer\">\n\t\t\t<div class=\"elementor-spacer-inner\"><\/div>\n\t\t<\/div>\n\t\t\t\t\t\t<\/div>\n\t\t\t\t\t<\/div>\n\t\t\t\t<\/div>\n\t\t<div class=\"elementor-element elementor-element-6dd624c e-con-full e-flex e-con e-parent\" data-id=\"6dd624c\" data-element_type=\"container\" data-e-type=\"container\" data-settings=\"{&quot;_ha_eqh_enable&quot;:false}\">\n\t\t<div class=\"elementor-element elementor-element-6c8cfb3 e-con-full e-flex e-con e-child\" data-id=\"6c8cfb3\" data-element_type=\"container\" data-e-type=\"container\" data-settings=\"{&quot;_ha_eqh_enable&quot;:false}\">\n\t\t<div class=\"elementor-element elementor-element-f8468d8 e-con-full e-flex e-con e-child\" data-id=\"f8468d8\" data-element_type=\"container\" data-e-type=\"container\" data-settings=\"{&quot;_ha_eqh_enable&quot;:false}\">\n\t\t\t\t<div class=\"elementor-element elementor-element-7c242fd elementor-widget elementor-widget-heading\" data-id=\"7c242fd\" data-element_type=\"widget\" data-e-type=\"widget\" data-widget_type=\"heading.default\">\n\t\t\t\t\t<h2 class=\"elementor-heading-title elementor-size-default\">Analyse des miroirs de Line Vautrin : formes et perception<\/h2>\t\t\t\t<\/div>\n\t\t\t\t<div class=\"elementor-element elementor-element-caa284c elementor-widget elementor-widget-text-editor\" data-id=\"caa284c\" data-element_type=\"widget\" data-e-type=\"widget\" data-widget_type=\"text-editor.default\">\n\t\t\t\t\t\t\t\t\tL\u2019analyse des miroirs de Line Vautrin met en \u00e9vidence une construction rigoureuse. Elle repose sur <a href=\"https:\/\/fondsdedotationlinevautrin.fr\/en\/techniques-et-savoir-faire\/\" title=\"Techniques et savoir-faire de Line Vautrin\">les proc\u00e9d\u00e9s de fabrication qui structurent ces \u0153uvres<\/a>, r\u00e9v\u00e9lant une ma\u00eetrise technique indissociable de la cr\u00e9ation artistique. Les formes, les inscriptions et la composition organisent un dialogue constant entre surface r\u00e9fl\u00e9chissante et \u00e9l\u00e9ments sculpt\u00e9s. Le jeu du visible ne se limite pas au reflet ; il inclut le cadre, le relief et la po\u00e9sie visuelle qui structurent l\u2019ensemble. Les miroirs de Line Vautrin comme \u0153uvres d\u2019art se d\u00e9finissent par cette articulation pr\u00e9cise entre perception et forme.\t\t\t\t\t\t\t\t<\/div>\n\t\t\t\t<\/div>\n\t\t<div class=\"elementor-element elementor-element-2df44cd e-con-full e-flex e-con e-child\" data-id=\"2df44cd\" data-element_type=\"container\" data-e-type=\"container\" data-settings=\"{&quot;_ha_eqh_enable&quot;:false}\">\n\t\t\t\t<div class=\"elementor-element elementor-element-f87d88d elementor-widget elementor-widget-heading\" data-id=\"f87d88d\" data-element_type=\"widget\" data-e-type=\"widget\" data-widget_type=\"heading.default\">\n\t\t\t\t\t<h2 class=\"elementor-heading-title elementor-size-default\">Lecture artistique des miroirs de Line Vautrin<\/h2>\t\t\t\t<\/div>\n\t\t\t\t<div class=\"elementor-element elementor-element-354f412 elementor-widget elementor-widget-text-editor\" data-id=\"354f412\" data-element_type=\"widget\" data-e-type=\"widget\" data-widget_type=\"text-editor.default\">\n\t\t\t\t\t\t\t\t\t<p>Comment proposer une lecture artistique des miroirs de Line Vautrin ? En les consid\u00e9rant comme des \u0153uvres autonomes, et non comme de simples accessoires d\u00e9coratifs. Le rapport au spectateur, la fronti\u00e8re assum\u00e9e entre art d\u00e9coratif et art plastique, ainsi que la continuit\u00e9 stylistique avec l\u2019ensemble de la production permettent de comprendre les miroirs de Line Vautrin dans leur coh\u00e9rence. Leur signification ne r\u00e9side pas seulement dans le reflet, mais dans la mise en sc\u00e8ne du regard lui-m\u00eame.<\/p>\t\t\t\t\t\t\t\t<\/div>\n\t\t\t\t<\/div>\n\t\t\t\t<\/div>\n\t\t<div class=\"elementor-element elementor-element-5649f80 e-con-full e-flex e-con e-child\" data-id=\"5649f80\" data-element_type=\"container\" data-e-type=\"container\" data-settings=\"{&quot;background_background&quot;:&quot;classic&quot;,&quot;_ha_eqh_enable&quot;:false}\">\n\t\t\t\t<\/div>\n\t\t\t\t<\/div>\n\t\t<div class=\"elementor-element elementor-element-33c63d1 e-flex e-con-boxed e-con e-parent\" data-id=\"33c63d1\" data-element_type=\"container\" data-e-type=\"container\" data-settings=\"{&quot;_ha_eqh_enable&quot;:false}\">\n\t\t\t\t\t<div class=\"e-con-inner\">\n\t\t<div class=\"elementor-element elementor-element-0ec1f9c e-con-full e-flex e-con e-child\" data-id=\"0ec1f9c\" data-element_type=\"container\" data-e-type=\"container\" data-settings=\"{&quot;_ha_eqh_enable&quot;:false}\">\n\t\t\t\t<div class=\"elementor-element elementor-element-42e347c elementor-widget elementor-widget-text-editor\" data-id=\"42e347c\" data-element_type=\"widget\" data-e-type=\"widget\" data-widget_type=\"text-editor.default\">\n\t\t\t\t\t\t\t\t\tLes miroirs de Line Vautrin illustrent avec force la capacit\u00e9 de l\u2019artiste \u00e0 transformer un objet quotidien en \u0153uvre \u00e0 part enti\u00e8re. Par le d\u00e9tournement de la fonction, par la richesse symbolique et par la ma\u00eetrise formelle, ils occupent une place essentielle dans son corpus. Cette lecture implique aussi <a href=\"https:\/\/fondsdedotationlinevautrin.fr\/en\/authentifier-une-oeuvre-de-line-vautrin\/\" title=\"Authentifier une \u0153uvre de Line Vautrin\">l\u2019analyse des mat\u00e9riaux et des techniques<\/a>, n\u00e9cessaire pour situer chaque pi\u00e8ce dans son contexte de cr\u00e9ation. \u00c9tudier les miroirs de Line Vautrin revient ainsi \u00e0 interroger la mani\u00e8re dont un objet utilitaire peut devenir espace de pens\u00e9e et de cr\u00e9ation.\t\t\t\t\t\t\t\t<\/div>\n\t\t\t\t<\/div>\n\t\t\t\t<div class=\"elementor-element elementor-element-d3fb8ce elementor-widget elementor-widget-spacer\" data-id=\"d3fb8ce\" data-element_type=\"widget\" data-e-type=\"widget\" data-widget_type=\"spacer.default\">\n\t\t\t\t\t\t\t<div class=\"elementor-spacer\">\n\t\t\t<div class=\"elementor-spacer-inner\"><\/div>\n\t\t<\/div>\n\t\t\t\t\t\t<\/div>\n\t\t\t\t\t<\/div>\n\t\t\t\t<\/div>\n\t\t\t\t<\/div>","protected":false},"excerpt":{"rendered":"<p>Les miroirs de Line Vautrin : objet, symbole et \u0153uvre d\u2019art Les miroirs de Line Vautrin occupent une place centrale dans son corpus. Plus qu\u2019une surface r\u00e9fl\u00e9chissante, chaque pi\u00e8ce engage une r\u00e9flexion sur le regard, la perception et le jeu du visible. Comprendre les miroirs de Line Vautrin suppose d\u2019en d\u00e9passer la fonction utilitaire pour [&hellip;]<\/p>\n","protected":false},"author":1,"featured_media":0,"parent":0,"menu_order":0,"comment_status":"closed","ping_status":"closed","template":"elementor_header_footer","meta":{"footnotes":""},"folder":[],"class_list":["post-210","page","type-page","status-publish","hentry"],"_hostinger_reach_plugin_has_subscription_block":false,"_hostinger_reach_plugin_is_elementor":false,"_links":{"self":[{"href":"https:\/\/fondsdedotationlinevautrin.fr\/en\/wp-json\/wp\/v2\/pages\/210","targetHints":{"allow":["GET"]}}],"collection":[{"href":"https:\/\/fondsdedotationlinevautrin.fr\/en\/wp-json\/wp\/v2\/pages"}],"about":[{"href":"https:\/\/fondsdedotationlinevautrin.fr\/en\/wp-json\/wp\/v2\/types\/page"}],"author":[{"embeddable":true,"href":"https:\/\/fondsdedotationlinevautrin.fr\/en\/wp-json\/wp\/v2\/users\/1"}],"replies":[{"embeddable":true,"href":"https:\/\/fondsdedotationlinevautrin.fr\/en\/wp-json\/wp\/v2\/comments?post=210"}],"version-history":[{"count":21,"href":"https:\/\/fondsdedotationlinevautrin.fr\/en\/wp-json\/wp\/v2\/pages\/210\/revisions"}],"predecessor-version":[{"id":455,"href":"https:\/\/fondsdedotationlinevautrin.fr\/en\/wp-json\/wp\/v2\/pages\/210\/revisions\/455"}],"wp:attachment":[{"href":"https:\/\/fondsdedotationlinevautrin.fr\/en\/wp-json\/wp\/v2\/media?parent=210"}],"wp:term":[{"taxonomy":"folder","embeddable":true,"href":"https:\/\/fondsdedotationlinevautrin.fr\/en\/wp-json\/wp\/v2\/folder?post=210"}],"curies":[{"name":"wp","href":"https:\/\/api.w.org\/{rel}","templated":true}]}}