{"id":206,"date":"2026-02-24T11:49:57","date_gmt":"2026-02-24T11:49:57","guid":{"rendered":"https:\/\/fondsdedotationlinevautrin.fr\/?page_id=206"},"modified":"2026-03-24T17:25:12","modified_gmt":"2026-03-24T17:25:12","slug":"loeuvre-de-line-vautrin","status":"publish","type":"page","link":"https:\/\/fondsdedotationlinevautrin.fr\/en\/loeuvre-de-line-vautrin\/","title":{"rendered":"Line Vautrin, une \u0153uvre singuli\u00e8re"},"content":{"rendered":"<div data-elementor-type=\"wp-page\" data-elementor-id=\"206\" class=\"elementor elementor-206\" data-elementor-settings=\"{&quot;ha_cmc_init_switcher&quot;:&quot;no&quot;}\" data-elementor-post-type=\"page\">\n\t\t\t\t<div class=\"elementor-element elementor-element-3f52f11 e-flex e-con-boxed e-con e-parent\" data-id=\"3f52f11\" data-element_type=\"container\" data-e-type=\"container\" data-settings=\"{&quot;_ha_eqh_enable&quot;:false}\">\n\t\t\t\t\t<div class=\"e-con-inner\">\n\t\t\t\t<div class=\"elementor-element elementor-element-22a7a8e elementor-widget elementor-widget-spacer\" data-id=\"22a7a8e\" data-element_type=\"widget\" data-e-type=\"widget\" data-widget_type=\"spacer.default\">\n\t\t\t\t\t\t\t<div class=\"elementor-spacer\">\n\t\t\t<div class=\"elementor-spacer-inner\"><\/div>\n\t\t<\/div>\n\t\t\t\t\t\t<\/div>\n\t\t\t\t\t<\/div>\n\t\t\t\t<\/div>\n\t\t<div class=\"elementor-element elementor-element-2d3c1ef e-con-full e-flex e-con e-parent\" data-id=\"2d3c1ef\" data-element_type=\"container\" data-e-type=\"container\" data-settings=\"{&quot;_ha_eqh_enable&quot;:false}\">\n\t\t\t\t<div class=\"elementor-element elementor-element-161f9ee elementor-widget elementor-widget-heading\" data-id=\"161f9ee\" data-element_type=\"widget\" data-e-type=\"widget\" data-widget_type=\"heading.default\">\n\t\t\t\t\t<h1 class=\"elementor-heading-title elementor-size-default\">L\u2019\u0153uvre de Line Vautrin : singularit\u00e9 et coh\u00e9rence d\u2019une d\u00e9marche artistique<\/h1>\t\t\t\t<\/div>\n\t\t<div class=\"elementor-element elementor-element-3031d94 e-flex e-con-boxed e-con e-child\" data-id=\"3031d94\" data-element_type=\"container\" data-e-type=\"container\" data-settings=\"{&quot;_ha_eqh_enable&quot;:false}\">\n\t\t\t\t\t<div class=\"e-con-inner\">\n\t\t\t\t<div class=\"elementor-element elementor-element-4c446e5 elementor-widget elementor-widget-text-editor\" data-id=\"4c446e5\" data-element_type=\"widget\" data-e-type=\"widget\" data-widget_type=\"text-editor.default\">\n\t\t\t\t\t\t\t\t\t<p>L\u2019\u0153uvre de Line Vautrin ne se laisse pas r\u00e9duire \u00e0 une production d\u2019objets. Elle constitue un ensemble structur\u00e9, travers\u00e9 par une vision d\u2019ensemble et par une exigence formelle constante. Comprendre l\u2019\u0153uvre de Line Vautrin suppose d\u2019en percevoir la continuit\u00e9 artistique, l\u2019\u00e9criture plastique et l\u2019ind\u00e9pendance qui fondent son identit\u00e9. \u00c0 travers\u00a0<a href=\"https:\/\/fondsdedotationlinevautrin.fr\/en\/les-miroirs-de-line-vautrin\/\">miroirs<\/a>, <a href=\"https:\/\/fondsdedotationlinevautrin.fr\/en\/bijoux-et-objets-entre-art-et-artisanat\/\">bijoux<\/a> et cr\u00e9ations singuli\u00e8res, se d\u00e9ploie une d\u00e9marche personnelle dont la coh\u00e9rence traverse les d\u00e9cennies.<\/p>\t\t\t\t\t\t\t\t<\/div>\n\t\t\t\t\t<\/div>\n\t\t\t\t<\/div>\n\t\t\t\t<\/div>\n\t\t<div class=\"elementor-element elementor-element-9c81d9f e-con-full e-flex e-con e-parent\" data-id=\"9c81d9f\" data-element_type=\"container\" data-e-type=\"container\" data-settings=\"{&quot;_ha_eqh_enable&quot;:false}\">\n\t\t<div class=\"elementor-element elementor-element-28b6c2c e-con-full e-flex e-con e-child\" data-id=\"28b6c2c\" data-element_type=\"container\" data-e-type=\"container\" data-settings=\"{&quot;_ha_eqh_enable&quot;:false}\">\n\t\t\t\t<div class=\"elementor-element elementor-element-b64c349 elementor-widget elementor-widget-image-carousel\" data-id=\"b64c349\" data-element_type=\"widget\" data-e-type=\"widget\" data-settings=\"{&quot;slides_to_show&quot;:&quot;1&quot;,&quot;navigation&quot;:&quot;none&quot;,&quot;autoplay_speed&quot;:10000,&quot;autoplay&quot;:&quot;yes&quot;,&quot;infinite&quot;:&quot;yes&quot;,&quot;effect&quot;:&quot;slide&quot;,&quot;speed&quot;:500}\" data-widget_type=\"image-carousel.default\">\n\t\t\t\t\t\t\t<div class=\"elementor-image-carousel-wrapper swiper\" role=\"region\" aria-roledescription=\"carousel\" aria-label=\"Carrousel d\u2019images\" dir=\"ltr\">\n\t\t\t<div class=\"elementor-image-carousel swiper-wrapper\" aria-live=\"off\">\n\t\t\t\t\t\t\t\t<div class=\"swiper-slide\" role=\"group\" aria-roledescription=\"slide\" aria-label=\"1 sur 2\"><figure class=\"swiper-slide-inner\"><img decoding=\"async\" class=\"swiper-slide-image\" src=\"https:\/\/fondsdedotationlinevautrin.fr\/wp-content\/uploads\/2025\/12\/miroir-line-vautrin-01.webp\" alt=\"miroir-line-vautrin-01\" \/><\/figure><\/div><div class=\"swiper-slide\" role=\"group\" aria-roledescription=\"slide\" aria-label=\"2 sur 2\"><figure class=\"swiper-slide-inner\"><img decoding=\"async\" class=\"swiper-slide-image\" src=\"https:\/\/fondsdedotationlinevautrin.fr\/wp-content\/uploads\/2025\/12\/poeme_line_vautrin_01.webp\" alt=\"poeme_line_vautrin_01\" \/><\/figure><\/div>\t\t\t<\/div>\n\t\t\t\t\t\t\t\n\t\t\t\t\t\t\t\t\t<\/div>\n\t\t\t\t\t\t<\/div>\n\t\t\t\t<\/div>\n\t\t<div class=\"elementor-element elementor-element-8431949 e-con-full e-flex e-con e-child\" data-id=\"8431949\" data-element_type=\"container\" data-e-type=\"container\" data-settings=\"{&quot;_ha_eqh_enable&quot;:false}\">\n\t\t\t\t<div class=\"elementor-element elementor-element-57e7651 elementor-widget elementor-widget-icon-box\" data-id=\"57e7651\" data-element_type=\"widget\" data-e-type=\"widget\" data-widget_type=\"icon-box.default\">\n\t\t\t\t\t\t\t<div class=\"elementor-icon-box-wrapper\">\n\n\t\t\t\n\t\t\t\t\t\t<div class=\"elementor-icon-box-content\">\n\n\t\t\t\t\t\t\t\t\t<h3 class=\"elementor-icon-box-title\">\n\t\t\t\t\t\t<span  >\n\t\t\t\t\t\t\tComprendre une \u0153uvre singuli\u00e8re\t\t\t\t\t\t<\/span>\n\t\t\t\t\t<\/h3>\n\t\t\t\t\n\t\t\t\t\t\t\t\t\t<p class=\"elementor-icon-box-description\">\n\t\t\t\t\t\tComment lire l\u2019\u0153uvre de Line Vautrin sans l\u2019isoler de sa logique interne ? La singularit\u00e9 de l\u2019\u0153uvre tient \u00e0 l\u2019articulation entre mati\u00e8re, forme et pens\u00e9e. Chaque pi\u00e8ce s\u2019inscrit dans un corpus d\u2019\u0153uvres o\u00f9 se retrouvent des motifs r\u00e9currents, une tension symbolique et un langage formel imm\u00e9diatement identifiable. Loin d\u2019une approche acad\u00e9mique, la production affirme une libert\u00e9 cr\u00e9ative constante, construite dans la dur\u00e9e plut\u00f4t que dans l\u2019effet.\t\t\t\t\t<\/p>\n\t\t\t\t\n\t\t\t<\/div>\n\t\t\t\n\t\t<\/div>\n\t\t\t\t\t\t<\/div>\n\t\t\t\t<div class=\"elementor-element elementor-element-09fc483 elementor-widget elementor-widget-icon-box\" data-id=\"09fc483\" data-element_type=\"widget\" data-e-type=\"widget\" data-widget_type=\"icon-box.default\">\n\t\t\t\t\t\t\t<div class=\"elementor-icon-box-wrapper\">\n\n\t\t\t\n\t\t\t\t\t\t<div class=\"elementor-icon-box-content\">\n\n\t\t\t\t\t\t\t\t\t<h3 class=\"elementor-icon-box-title\">\n\t\t\t\t\t\t<span  >\n\t\t\t\t\t\t\tAnalyse et identit\u00e9 artistique\t\t\t\t\t\t<\/span>\n\t\t\t\t\t<\/h3>\n\t\t\t\t\n\t\t\t\t\t\t\t\t\t<p class=\"elementor-icon-box-description\">\n\t\t\t\t\t\tL\u2019analyse de l\u2019\u0153uvre de Line Vautrin r\u00e9v\u00e8le une identit\u00e9 artistique stable. Derri\u00e8re la diversit\u00e9 apparente des objets se manifeste une posture d\u2019artiste ind\u00e9pendante, attentive \u00e0 la modernit\u00e9 sans se fondre dans <a href=\"https:\/\/fondsdedotationlinevautrin.fr\/en\/line-vautrin-et-les-courants-artistiques-du-xxe-siecle\/\" title=\"Line Vautrin et les courants artistiques du XXe si\u00e8cle\">les courants dominants<\/a>. La coh\u00e9rence de l\u2019\u0153uvre repose sur une continuit\u00e9 artistique assum\u00e9e : les choix techniques, les recherches de relief et l\u2019attention port\u00e9e aux inscriptions participent d\u2019une m\u00eame \u00e9criture plastique.\t\t\t\t\t<\/p>\n\t\t\t\t\n\t\t\t<\/div>\n\t\t\t\n\t\t<\/div>\n\t\t\t\t\t\t<\/div>\n\t\t\t\t<div class=\"elementor-element elementor-element-5157c1a elementor-widget elementor-widget-icon-box\" data-id=\"5157c1a\" data-element_type=\"widget\" data-e-type=\"widget\" data-widget_type=\"icon-box.default\">\n\t\t\t\t\t\t\t<div class=\"elementor-icon-box-wrapper\">\n\n\t\t\t\n\t\t\t\t\t\t<div class=\"elementor-icon-box-content\">\n\n\t\t\t\t\t\t\t\t\t<h3 class=\"elementor-icon-box-title\">\n\t\t\t\t\t\t<span  >\n\t\t\t\t\t\t\tCe qui caract\u00e9rise une d\u00e9marche personnelle\t\t\t\t\t\t<\/span>\n\t\t\t\t\t<\/h3>\n\t\t\t\t\n\t\t\t\t\t\t\t\t\t<p class=\"elementor-icon-box-description\">\n\t\t\t\t\t\tQu\u2019est-ce qui caract\u00e9rise cette production ? Une approche non acad\u00e9mique, une libert\u00e9 revendiqu\u00e9e et une vision d\u2019ensemble qui d\u00e9passe la simple cat\u00e9gorie des arts d\u00e9coratifs. La d\u00e9marche artistique de Line Vautrin s\u2019affirme dans l\u2019exp\u00e9rimentation ma\u00eetris\u00e9e des mat\u00e9riaux et dans la construction d\u2019un langage formel propre. Cette singularit\u00e9 explique en partie la reconnaissance critique progressive dont b\u00e9n\u00e9ficie aujourd\u2019hui son travail.\t\t\t\t\t<\/p>\n\t\t\t\t\n\t\t\t<\/div>\n\t\t\t\n\t\t<\/div>\n\t\t\t\t\t\t<\/div>\n\t\t\t\t<div class=\"elementor-element elementor-element-a434f87 elementor-widget elementor-widget-icon-box\" data-id=\"a434f87\" data-element_type=\"widget\" data-e-type=\"widget\" data-widget_type=\"icon-box.default\">\n\t\t\t\t\t\t\t<div class=\"elementor-icon-box-wrapper\">\n\n\t\t\t\n\t\t\t\t\t\t<div class=\"elementor-icon-box-content\">\n\n\t\t\t\t\t\t\t\t\t<h3 class=\"elementor-icon-box-title\">\n\t\t\t\t\t\t<span  >\n\t\t\t\t\t\t\tLire l\u2019\u0153uvre dans sa continuit\u00e9\t\t\t\t\t\t<\/span>\n\t\t\t\t\t<\/h3>\n\t\t\t\t\n\t\t\t\t\t\t\t\t\t<p class=\"elementor-icon-box-description\">\n\t\t\t\t\t\tPlut\u00f4t que d\u2019opposer les p\u00e9riodes, il convient de consid\u00e9rer la continuit\u00e9 artistique qui relie l\u2019ensemble du corpus. Comprendre la modernit\u00e9 de l\u2019\u0153uvre implique d\u2019en observer les permanences : le go\u00fbt du <a href=\"https:\/\/fondsdedotationlinevautrin.fr\/en\/symbolique-mythologie-et-langage-des-formes\/\">symbole<\/a>, la pr\u00e9cision des compositions, l\u2019\u00e9quilibre entre rigueur et libert\u00e9. C\u2019est dans cette stabilit\u00e9 r\u00e9fl\u00e9chie que s\u2019affirme l\u2019identit\u00e9 artistique de Line Vautrin.\t\t\t\t\t<\/p>\n\t\t\t\t\n\t\t\t<\/div>\n\t\t\t\n\t\t<\/div>\n\t\t\t\t\t\t<\/div>\n\t\t\t\t<\/div>\n\t\t\t\t<\/div>\n\t\t\t\t<\/div>","protected":false},"excerpt":{"rendered":"<p>L\u2019\u0153uvre de Line Vautrin : singularit\u00e9 et coh\u00e9rence d\u2019une d\u00e9marche artistique L\u2019\u0153uvre de Line Vautrin ne se laisse pas r\u00e9duire \u00e0 une production d\u2019objets. Elle constitue un ensemble structur\u00e9, travers\u00e9 par une vision d\u2019ensemble et par une exigence formelle constante. Comprendre l\u2019\u0153uvre de Line Vautrin suppose d\u2019en percevoir la continuit\u00e9 artistique, l\u2019\u00e9criture plastique et l\u2019ind\u00e9pendance [&hellip;]<\/p>\n","protected":false},"author":1,"featured_media":0,"parent":0,"menu_order":0,"comment_status":"closed","ping_status":"closed","template":"elementor_header_footer","meta":{"footnotes":""},"folder":[],"class_list":["post-206","page","type-page","status-publish","hentry"],"_hostinger_reach_plugin_has_subscription_block":false,"_hostinger_reach_plugin_is_elementor":false,"_links":{"self":[{"href":"https:\/\/fondsdedotationlinevautrin.fr\/en\/wp-json\/wp\/v2\/pages\/206","targetHints":{"allow":["GET"]}}],"collection":[{"href":"https:\/\/fondsdedotationlinevautrin.fr\/en\/wp-json\/wp\/v2\/pages"}],"about":[{"href":"https:\/\/fondsdedotationlinevautrin.fr\/en\/wp-json\/wp\/v2\/types\/page"}],"author":[{"embeddable":true,"href":"https:\/\/fondsdedotationlinevautrin.fr\/en\/wp-json\/wp\/v2\/users\/1"}],"replies":[{"embeddable":true,"href":"https:\/\/fondsdedotationlinevautrin.fr\/en\/wp-json\/wp\/v2\/comments?post=206"}],"version-history":[{"count":25,"href":"https:\/\/fondsdedotationlinevautrin.fr\/en\/wp-json\/wp\/v2\/pages\/206\/revisions"}],"predecessor-version":[{"id":457,"href":"https:\/\/fondsdedotationlinevautrin.fr\/en\/wp-json\/wp\/v2\/pages\/206\/revisions\/457"}],"wp:attachment":[{"href":"https:\/\/fondsdedotationlinevautrin.fr\/en\/wp-json\/wp\/v2\/media?parent=206"}],"wp:term":[{"taxonomy":"folder","embeddable":true,"href":"https:\/\/fondsdedotationlinevautrin.fr\/en\/wp-json\/wp\/v2\/folder?post=206"}],"curies":[{"name":"wp","href":"https:\/\/api.w.org\/{rel}","templated":true}]}}